{"id":25878,"date":"2025-01-22T15:34:16","date_gmt":"2025-01-22T14:34:16","guid":{"rendered":"https:\/\/www.stopcyberviolences.org\/proteger-vos-eleves\/"},"modified":"2025-06-13T16:18:57","modified_gmt":"2025-06-13T14:18:57","slug":"proteger-mes-eleves","status":"publish","type":"page","link":"https:\/\/www.stopcyberviolences.org\/fr-fr\/proteger-mes-eleves\/","title":{"rendered":"Prot\u00e9ger mes \u00e9l\u00e8ves"},"content":{"rendered":"\t\t<div data-elementor-type=\"wp-page\" data-elementor-id=\"25878\" class=\"elementor elementor-25878\" data-elementor-post-type=\"page\">\n\t\t\t\t<div class=\"elementor-element elementor-element-3fb4ce1d e-flex e-con-boxed e-con e-parent\" data-id=\"3fb4ce1d\" data-element_type=\"container\" data-e-type=\"container\">\n\t\t\t\t\t<div class=\"e-con-inner\">\n\t\t<div class=\"elementor-element elementor-element-12b6e580 e-con-full e-grid e-con e-child\" data-id=\"12b6e580\" data-element_type=\"container\" data-e-type=\"container\" data-settings=\"{&quot;background_background&quot;:&quot;classic&quot;}\">\n\t\t<div class=\"elementor-element elementor-element-70bd77aa e-con-full e-flex e-con e-child\" data-id=\"70bd77aa\" data-element_type=\"container\" data-e-type=\"container\">\n\t\t\t\t<div class=\"elementor-element elementor-element-3dffe599 elementor-widget elementor-widget-heading\" data-id=\"3dffe599\" data-element_type=\"widget\" data-e-type=\"widget\" data-widget_type=\"heading.default\">\n\t\t\t\t<div class=\"elementor-widget-container\">\n\t\t\t\t\t<h2 class=\"elementor-heading-title elementor-size-default\"><span class=\"OYPEnA font-feature-liga-off font-feature-clig-off font-feature-calt-off text-decoration-none text-strikethrough-none\">Etablissement scolaires\net acad\u00e9mies<\/span><\/h2>\t\t\t\t<\/div>\n\t\t\t\t<\/div>\n\t\t\n\t\t<div class=\"elementor-element elementor-element-6e2222d0 elementor-widget elementor-widget-text-editor\" data-id=\"6e2222d0\" data-element_type=\"widget\" data-e-type=\"widget\" data-widget_type=\"text-editor.default\">\n\t\t\t\t<div class=\"elementor-widget-container\">\n\t\t\t\t\t\t\t\t\t<p><span class=\"OYPEnA font-feature-liga-off font-feature-clig-off font-feature-calt-off text-decoration-none text-strikethrough-none\" style=\"font-kerning: none;\">Le programme STOP Cyberviolences propose aux \u00e9tablissements scolaires des outils simples \u00e0 d\u00e9ployer pour mieux pr\u00e9venir et lutter contre les violences en ligne. Il s\u2019adresse autant aux \u00e9l\u00e8ves qu\u2019aux enseignants et aux familles, pour aider \u00e0 r\u00e9pondre aux attendus du programme pHARe. Les signalements sont encourag\u00e9s et un dispositif d\u2019accompagnement des victimes et des auteurs permet la reconstruction des jeunes.<\/span><\/p>\t\t\t\t\t\t\t\t<\/div>\n\t\t\t\t<\/div>\n\t\t\t\t<\/div>\n\t\t<div class=\"elementor-element elementor-element-f593971 e-con-full e-flex e-con e-child\" data-id=\"f593971\" data-element_type=\"container\" data-e-type=\"container\">\n\t\t\t\t<div class=\"elementor-element elementor-element-50f17c4b elementor-absolute elementor-widget elementor-widget-image\" data-id=\"50f17c4b\" data-element_type=\"widget\" data-e-type=\"widget\" data-settings=\"{&quot;_position&quot;:&quot;absolute&quot;}\" data-widget_type=\"image.default\">\n\t\t\t\t<div class=\"elementor-widget-container\">\n\t\t\t\t\t\t\t\t\t\t\t\t\t\t\t<img fetchpriority=\"high\" decoding=\"async\" width=\"555\" height=\"550\" src=\"https:\/\/www.stopcyberviolences.org\/wp-content\/uploads\/2025\/06\/Enseignant.png\" class=\"attachment-1536x1536 size-1536x1536 wp-image-32815\" alt=\"\" srcset=\"https:\/\/www.stopcyberviolences.org\/wp-content\/uploads\/2025\/06\/Enseignant.png 555w, https:\/\/www.stopcyberviolences.org\/wp-content\/uploads\/2025\/06\/Enseignant-300x297.png 300w, https:\/\/www.stopcyberviolences.org\/wp-content\/uploads\/2025\/06\/Enseignant-150x150.png 150w, https:\/\/www.stopcyberviolences.org\/wp-content\/uploads\/2025\/06\/Enseignant-12x12.png 12w\" sizes=\"(max-width: 555px) 100vw, 555px\" \/>\t\t\t\t\t\t\t\t\t\t\t\t\t\t\t<\/div>\n\t\t\t\t<\/div>\n\t\t\t\t<\/div>\n\t\t\t\t<\/div>\n\t\t\t\t\t<\/div>\n\t\t\t\t<\/div>\n\t\t<div class=\"elementor-element elementor-element-3124603 e-flex e-con-boxed e-con e-parent\" data-id=\"3124603\" data-element_type=\"container\" data-e-type=\"container\">\n\t\t\t\t\t<div class=\"e-con-inner\">\n\t\t\t\t<div class=\"elementor-element elementor-element-6c02be92 elementor-widget elementor-widget-heading\" data-id=\"6c02be92\" data-element_type=\"widget\" data-e-type=\"widget\" data-widget_type=\"heading.default\">\n\t\t\t\t<div class=\"elementor-widget-container\">\n\t\t\t\t\t<h2 class=\"elementor-heading-title elementor-size-default\">Prot\u00e9gez vos \u00e9l\u00e8ves des cyberviolences<\/h2>\t\t\t\t<\/div>\n\t\t\t\t<\/div>\n\t\t\t\t<div class=\"elementor-element elementor-element-1b799a00 elementor-widget elementor-widget-text-editor\" data-id=\"1b799a00\" data-element_type=\"widget\" data-e-type=\"widget\" data-widget_type=\"text-editor.default\">\n\t\t\t\t<div class=\"elementor-widget-container\">\n\t\t\t\t\t\t\t\t\t<p><span style=\"font-weight: 400;\">Afin de d\u00e9couvrir les solutions que nous proposons pour votre \u00e9tablissement, <strong>contactez-nous<\/strong>.<\/span><\/p>\t\t\t\t\t\t\t\t<\/div>\n\t\t\t\t<\/div>\n\t\t\t\t\t<\/div>\n\t\t\t\t<\/div>\n\t\t<div class=\"elementor-element elementor-element-166b898 e-flex e-con-boxed e-con e-parent\" data-id=\"166b898\" data-element_type=\"container\" data-e-type=\"container\">\n\t\t\t\t\t<div class=\"e-con-inner\">\n\t\t<div class=\"elementor-element elementor-element-57fab7a e-con-full e-flex e-con e-child\" data-id=\"57fab7a\" data-element_type=\"container\" data-e-type=\"container\" data-settings=\"{&quot;background_background&quot;:&quot;classic&quot;}\">\n\t\t\t\t<div class=\"elementor-element elementor-element-207a7df elementor-widget elementor-widget-heading\" data-id=\"207a7df\" data-element_type=\"widget\" data-e-type=\"widget\" data-widget_type=\"heading.default\">\n\t\t\t\t<div class=\"elementor-widget-container\">\n\t\t\t\t\t<h2 class=\"elementor-heading-title elementor-size-default\">D\u00e9couvrez le programme Stop Cyberviolences<\/h2>\t\t\t\t<\/div>\n\t\t\t\t<\/div>\n\t\t\t\t<div class=\"elementor-element elementor-element-94bc91f elementor-widget elementor-widget-text-editor\" data-id=\"94bc91f\" data-element_type=\"widget\" data-e-type=\"widget\" data-widget_type=\"text-editor.default\">\n\t\t\t\t<div class=\"elementor-widget-container\">\n\t\t\t\t\t\t\t\t\t<ul style=\"text-align: left;\"><li>Vid\u00e9os interactives de pr\u00e9vention<\/li><\/ul>\t\t\t\t\t\t\t\t<\/div>\n\t\t\t\t<\/div>\n\t\t\t\t<div class=\"elementor-element elementor-element-66bd285 elementor-widget elementor-widget-text-editor\" data-id=\"66bd285\" data-element_type=\"widget\" data-e-type=\"widget\" data-widget_type=\"text-editor.default\">\n\t\t\t\t<div class=\"elementor-widget-container\">\n\t\t\t\t\t\t\t\t\t<ul style=\"text-align: left;\"><li>Boutons d&rsquo;alerte instantan\u00e9e vers les r\u00e9f\u00e9rents harc\u00e8lement et le 30.18<\/li><\/ul>\t\t\t\t\t\t\t\t<\/div>\n\t\t\t\t<\/div>\n\t\t\t\t<div class=\"elementor-element elementor-element-0452d05 elementor-widget elementor-widget-text-editor\" data-id=\"0452d05\" data-element_type=\"widget\" data-e-type=\"widget\" data-widget_type=\"text-editor.default\">\n\t\t\t\t<div class=\"elementor-widget-container\">\n\t\t\t\t\t\t\t\t\t<ul style=\"text-align: left;\"><li>Ateliers d&rsquo;approfondissement en ligne et en pr\u00e9sentiel<\/li><\/ul>\t\t\t\t\t\t\t\t<\/div>\n\t\t\t\t<\/div>\n\t\t\t\t<div class=\"elementor-element elementor-element-b892be6 elementor-widget elementor-widget-text-editor\" data-id=\"b892be6\" data-element_type=\"widget\" data-e-type=\"widget\" data-widget_type=\"text-editor.default\">\n\t\t\t\t<div class=\"elementor-widget-container\">\n\t\t\t\t\t\t\t\t\t<ul style=\"text-align: left;\"><li>Psychologues sp\u00e9cialis\u00e9s pour accompagner les jeunes victimes<\/li><\/ul>\t\t\t\t\t\t\t\t<\/div>\n\t\t\t\t<\/div>\n\t\t\t\t<div class=\"elementor-element elementor-element-0f8df2e elementor-widget elementor-widget-text-editor\" data-id=\"0f8df2e\" data-element_type=\"widget\" data-e-type=\"widget\" data-widget_type=\"text-editor.default\">\n\t\t\t\t<div class=\"elementor-widget-container\">\n\t\t\t\t\t\t\t\t\t<ul style=\"text-align: left;\"><li>Agents conversationnels pour assister le dialogue en ligne<\/li><\/ul>\t\t\t\t\t\t\t\t<\/div>\n\t\t\t\t<\/div>\n\t\t\t\t<div class=\"elementor-element elementor-element-b0f6e37 elementor-widget elementor-widget-text-editor\" data-id=\"b0f6e37\" data-element_type=\"widget\" data-e-type=\"widget\" data-widget_type=\"text-editor.default\">\n\t\t\t\t<div class=\"elementor-widget-container\">\n\t\t\t\t\t\t\t\t\t<p style=\"text-align: left;\">Les donn\u00e9es recueillies de mani\u00e8re anonyme permettent de dresser <strong>un barom\u00e8tre des cyberviolences au sein de votre \u00e9tablissement<\/strong> et d&rsquo;adapter au mieux les actions de pr\u00e9vention.<\/p>\t\t\t\t\t\t\t\t<\/div>\n\t\t\t\t<\/div>\n\t\t\t\t<\/div>\n\t\t<div class=\"elementor-element elementor-element-950385a e-con-full e-flex e-con e-child\" data-id=\"950385a\" data-element_type=\"container\" data-e-type=\"container\">\n\t\t\t\t<div class=\"elementor-element elementor-element-092e70f align-left elementor-widget elementor-widget-mae-contact-form-7\" data-id=\"092e70f\" data-element_type=\"widget\" data-e-type=\"widget\" data-widget_type=\"mae-contact-form-7.default\">\n\t\t\t\t<div class=\"elementor-widget-container\">\n\t\t\t\t\t<div class=\"elementor-shortcode master-cf7-0\">\n<div class=\"wpcf7 no-js\" id=\"wpcf7-f26587-o1\" lang=\"fr-FR\" dir=\"ltr\" data-wpcf7-id=\"26587\">\n<div class=\"screen-reader-response\"><p role=\"status\" aria-live=\"polite\" aria-atomic=\"true\"><\/p> <ul><\/ul><\/div>\n<form action=\"\/fr-fr\/wp-json\/wp\/v2\/pages\/25878#wpcf7-f26587-o1\" method=\"post\" class=\"wpcf7-form init\" aria-label=\"Formulaire de contact\" novalidate=\"novalidate\" data-status=\"init\">\n<fieldset class=\"hidden-fields-container\"><input type=\"hidden\" name=\"_wpcf7\" value=\"26587\" \/><input type=\"hidden\" name=\"_wpcf7_version\" value=\"6.1.5\" \/><input type=\"hidden\" name=\"_wpcf7_locale\" value=\"fr_FR\" \/><input type=\"hidden\" name=\"_wpcf7_unit_tag\" value=\"wpcf7-f26587-o1\" \/><input type=\"hidden\" name=\"_wpcf7_container_post\" value=\"0\" \/><input type=\"hidden\" name=\"_wpcf7_posted_data_hash\" value=\"\" \/><input type=\"hidden\" name=\"_wpcf7cf_hidden_group_fields\" value=\"[]\" \/><input type=\"hidden\" name=\"_wpcf7cf_hidden_groups\" value=\"[]\" \/><input type=\"hidden\" name=\"_wpcf7cf_visible_groups\" value=\"[]\" \/><input type=\"hidden\" name=\"_wpcf7cf_repeaters\" value=\"[]\" \/><input type=\"hidden\" name=\"_wpcf7cf_steps\" value=\"{}\" \/><input type=\"hidden\" name=\"_wpcf7cf_options\" value=\"{&quot;form_id&quot;:26587,&quot;conditions&quot;:[{&quot;then_field&quot;:&quot;interet&quot;,&quot;and_rules&quot;:[{&quot;if_field&quot;:&quot;u-interet1&quot;,&quot;operator&quot;:&quot;is empty&quot;,&quot;if_value&quot;:&quot;false&quot;}]}],&quot;settings&quot;:{&quot;animation&quot;:&quot;yes&quot;,&quot;animation_intime&quot;:200,&quot;animation_outtime&quot;:200,&quot;conditions_ui&quot;:&quot;normal&quot;,&quot;notice_dismissed&quot;:false}}\" \/><input type=\"hidden\" name=\"_wpcf7_recaptcha_response\" value=\"\" \/>\n<\/fieldset>\n<p><label> Etablissement de rattachement<br \/>\n<div id=\"cf7-addons\">\n                <div id=\"etablissementsBox\" class=\"etablissementsBox\">\n                    <p>Code postal de l'\u00e9tablissement :<\/p><div id=\"u-etab-cp-codePostalBox\" class=\"codePostalBox\">\n                <label> <span class=\"wpcf7-form-control-wrap\" data-name=\"u-etab-cp\">\n                        <input\n                            type=\"text\"\n                            id=\"u-etab-cp\"\n                            name=\"u-etab-cp\"\n                            placeholder=\"Exemple : 78740\"\n                            value=\"\" \n                            class=\"wpcf7-form-control wpcf7-text wpcf7-validates-as-required  autocompleteInputCP\"\n                            aria-required=\"false\"\n                            aria-invalid=\"false\"\n                            onChange=\"updateFieldValues('u-etab')\"\n                            \n                        \/>\n                        <span>Entrez les 5 chiffres du code postal.<\/span>\n                        <span id=\"u-etab-cp-error\" class=\"cf7-addons-error\" aria-hidden=\"true\">Veuillez renseigner ce champ.<\/span>\n                    <\/span>\n                <\/label>\n            <\/div><div id=\"u-etab-etablissement-ecoleBox\" class=\"ecoleBox\">\n                <label> <span class=\"wpcf7-form-control-wrap\" data-name=\"u-etab-etablissement\">\n                        <input\n                            type=\"text\"\n                            id=\"u-etab-etablissement\"\n                            name=\"u-etab-etablissement\"\n                            placeholder=\"Exemple : Ecole Marie Curie Vaux Sur Seine\"\n                            value=\"\" \n                            class=\"wpcf7-form-control wpcf7-text wpcf7-validates-as-required  autocompleteInputEcole\"\n                            aria-required=\"false\"\n                            aria-invalid=\"false\"\n                            onChange=\"updateFieldValues('u-etab')\"\n                            \n                        \/>\n                        <span>Enrez au moins 2 caract\u00e8res pour rechercher dans la liste des \u00e9tablissements du premier et second degr\u00e9.<\/span>\n                        <span id=\"u-etab-etablissement-error\" class=\"cf7-addons-error\" aria-hidden=\"true\">Veuillez renseigner ce champ.<\/span>\n                    <\/span>\n                <\/label>\n            <\/div><br\/><div id=\"u-etab-autocompleteListBox\" class=\"autocompleteListBox\">\n                        <label>\n                            Liste des \u00e9tablissement d'enseignement sup\u00e9rieur trouv\u00e9s\n                            <span id=\"u-etab-autocompleteTotal\" class=\"autocompleteTotal\"><\/span> :\n                        <\/label>\n                        <div id=\"u-etab-autocompleteList\" class=\"autocompleteList autocomplete-items\"><\/div>\n                    <\/div><\/div>\n        <\/div><br \/>\n<\/label><br \/>\n<label> Etablissement non list\u00e9<br \/>\n<span class=\"wpcf7-form-control-wrap\" data-name=\"u-etablissement\"><input size=\"40\" maxlength=\"400\" class=\"wpcf7-form-control wpcf7-text\" aria-invalid=\"false\" value=\"\" type=\"text\" name=\"u-etablissement\" \/><\/span><br \/>\n<\/label>\n<\/p>\n<div style=\"margin-top: 40px;\">\n\t<p><label> Profession<br \/>\n<span class=\"wpcf7-form-control-wrap\" data-name=\"u-qualite\"><select class=\"wpcf7-form-control wpcf7-select\" aria-invalid=\"false\" name=\"u-qualite\"><option value=\"Principal.e\/Proviseur.e\">Principal.e\/Proviseur.e<\/option><option value=\"Adjoint.e\/gestionnaire\">Adjoint.e\/gestionnaire<\/option><option value=\"CPE\">CPE<\/option><option value=\"Psychologue\">Psychologue<\/option><option value=\"R\u00e9f\u00e9rent.e harc\u00e8lement\">R\u00e9f\u00e9rent.e harc\u00e8lement<\/option><option value=\"Enseignant.e\/Professeur.e\">Enseignant.e\/Professeur.e<\/option><option value=\"Documentaliste\">Documentaliste<\/option><option value=\"Infirmier.e scolaire\/M\u00e9decin scolaire\">Infirmier.e scolaire\/M\u00e9decin scolaire<\/option><option value=\"Autre\">Autre<\/option><\/select><\/span> <\/label>\n\t<\/p>\n\t<p><label> Nom *<br \/>\n<span class=\"wpcf7-form-control-wrap\" data-name=\"u-nom\"><input size=\"40\" maxlength=\"400\" class=\"wpcf7-form-control wpcf7-text wpcf7-validates-as-required\" aria-required=\"true\" aria-invalid=\"false\" value=\"\" type=\"text\" name=\"u-nom\" \/><\/span> <\/label>\n\t<\/p>\n\t<p><label> Pr\u00e9nom *<br \/>\n<span class=\"wpcf7-form-control-wrap\" data-name=\"u-prenom\"><input size=\"40\" maxlength=\"400\" class=\"wpcf7-form-control wpcf7-text wpcf7-validates-as-required\" aria-required=\"true\" aria-invalid=\"false\" value=\"\" type=\"text\" name=\"u-prenom\" \/><\/span> <\/label>\n\t<\/p>\n\t<p><label> Adresse email *<br \/>\n<span class=\"wpcf7-form-control-wrap\" data-name=\"u-email\"><input size=\"40\" maxlength=\"400\" class=\"wpcf7-form-control wpcf7-email wpcf7-validates-as-required wpcf7-text wpcf7-validates-as-email\" autocomplete=\"email\" aria-required=\"true\" aria-invalid=\"false\" value=\"\" type=\"email\" name=\"u-email\" \/><\/span> <\/label>\n\t<\/p>\n\t<p><label> T\u00e9l\u00e9phone *<br \/>\n<span class=\"wpcf7-form-control-wrap\" data-name=\"u-tel\"><input size=\"40\" maxlength=\"400\" class=\"wpcf7-form-control wpcf7-text wpcf7-validates-as-required\" aria-required=\"true\" aria-invalid=\"false\" value=\"\" type=\"text\" name=\"u-tel\" \/><\/span> <\/label>\n\t<\/p>\n<\/div>\n<div style=\"margin-top: 20px;\">\n\t<p><label> Je suis int\u00e9ress\u00e9 par<br \/>\n<span class=\"wpcf7-form-control-wrap\" data-name=\"u-interet1\"><span class=\"wpcf7-form-control wpcf7-checkbox\"><span class=\"wpcf7-list-item first last\"><label><input type=\"checkbox\" name=\"u-interet1[]\" value=\"L&#039;ensemble du programme\" \/><span class=\"wpcf7-list-item-label\">L&#039;ensemble du programme<\/span><\/label><\/span><\/span><\/span><br \/>\n<\/label>\n\t<\/p>\n\t<div data-id=\"interet\" data-orig_data_id=\"interet\"  class=\"\" data-class=\"wpcf7cf_group\">\n\t\t<p><span class=\"wpcf7-form-control-wrap\" data-name=\"u-interet\"><span class=\"wpcf7-form-control wpcf7-checkbox\" id=\"u-interet\"><span class=\"wpcf7-list-item first\"><label><input type=\"checkbox\" name=\"u-interet[]\" value=\"Vid\u00e9os interactives de pr\u00e9vention\" \/><span class=\"wpcf7-list-item-label\">Vid\u00e9os interactives de pr\u00e9vention<\/span><\/label><\/span><span class=\"wpcf7-list-item\"><label><input type=\"checkbox\" name=\"u-interet[]\" value=\"Boutons d&#039;alerte instantan\u00e9e vers les r\u00e9f\u00e9rents harc\u00e8lement et le 30.18\" \/><span class=\"wpcf7-list-item-label\">Boutons d&#039;alerte instantan\u00e9e vers les r\u00e9f\u00e9rents harc\u00e8lement et le 30.18<\/span><\/label><\/span><span class=\"wpcf7-list-item\"><label><input type=\"checkbox\" name=\"u-interet[]\" value=\"Ateliers d&#039;approfondissement en ligne et en pr\u00e9sentiel\" \/><span class=\"wpcf7-list-item-label\">Ateliers d&#039;approfondissement en ligne et en pr\u00e9sentiel<\/span><\/label><\/span><span class=\"wpcf7-list-item\"><label><input type=\"checkbox\" name=\"u-interet[]\" value=\"Psychologues sp\u00e9cialis\u00e9s pour accompagner les jeunes victimes\" \/><span class=\"wpcf7-list-item-label\">Psychologues sp\u00e9cialis\u00e9s pour accompagner les jeunes victimes<\/span><\/label><\/span><span class=\"wpcf7-list-item last\"><label><input type=\"checkbox\" name=\"u-interet[]\" value=\"Agents conversationnels pour assister le dialogue en ligne\" \/><span class=\"wpcf7-list-item-label\">Agents conversationnels pour assister le dialogue en ligne<\/span><\/label><\/span><\/span><\/span>\n\t\t<\/p>\n\t<\/div>\n\t<div>\n\t\t<div style=\"margin-top: 20px;\">\n\t\t\t<p><label><br \/>\n<span class=\"wpcf7-form-control-wrap\" data-name=\"u-message\"><textarea cols=\"40\" rows=\"10\" maxlength=\"2000\" class=\"wpcf7-form-control wpcf7-textarea\" aria-invalid=\"false\" placeholder=\"Dites nous plus sur votre int\u00e9r\u00eat ici...\" name=\"u-message\"><\/textarea><\/span><br \/>\n<\/label>\n\t\t\t<\/p>\n\t\t<\/div>\n\t\t<div style=\"margin-top: 20px;\">\n\t\t\t<p>Les informations recueillies \u00e0 partir de ce formulaire sont strictement \u00e0 usage interne et r\u00e9serv\u00e9es au traitement de votre demande - <a href=\"\/politique-dutilisation-des-donnees\/\">Politique d'utilisation des donn\u00e9es<\/a>.\n\t\t\t<\/p>\n\t\t<\/div>\n\t\t<div style=\"margin-top: 20px;\">\n\t\t\t<p><input class=\"wpcf7-form-control wpcf7-submit has-spinner\" type=\"submit\" value=\"Envoyer\" \/>\n\t\t\t<\/p>\n\t\t<\/div>\n\t<\/div>\n<\/div><div class=\"wpcf7-response-output\" aria-hidden=\"true\"><\/div>\n<\/form>\n<\/div>\n<\/div>\t\t\t\t<\/div>\n\t\t\t\t<\/div>\n\t\t\t\t<div class=\"elementor-element elementor-element-9d3c786 elementor-widget elementor-widget-text-editor\" data-id=\"9d3c786\" data-element_type=\"widget\" data-e-type=\"widget\" data-widget_type=\"text-editor.default\">\n\t\t\t\t<div class=\"elementor-widget-container\">\n\t\t\t\t\t\t\t\t\t<p>Vous pouvez nous joindre par t\u00e9l\u00e9phone au <span style=\"color: #333399;\"><strong>01 45 66 00 47<\/strong><\/span>.<\/p>\t\t\t\t\t\t\t\t<\/div>\n\t\t\t\t<\/div>\n\t\t\t\t<\/div>\n\t\t\t\t\t<\/div>\n\t\t\t\t<\/div>\n\t\t\t\t<\/div>\n\t\t","protected":false},"excerpt":{"rendered":"<p>Etablissement scolaires et acad\u00e9mies Le programme STOP Cyberviolences propose aux \u00e9tablissements scolaires des outils simples \u00e0 d\u00e9ployer pour mieux pr\u00e9venir et lutter contre les violences en ligne. Il s\u2019adresse autant aux \u00e9l\u00e8ves qu\u2019aux enseignants et aux familles, pour aider \u00e0 r\u00e9pondre aux attendus du programme pHARe. Les signalements sont encourag\u00e9s et un dispositif d\u2019accompagnement des [&hellip;]<\/p>\n","protected":false},"author":6,"featured_media":0,"parent":0,"menu_order":4,"comment_status":"closed","ping_status":"closed","template":"","meta":{"footnotes":""},"class_list":["post-25878","page","type-page","status-publish","hentry"],"_links":{"self":[{"href":"https:\/\/www.stopcyberviolences.org\/fr-fr\/wp-json\/wp\/v2\/pages\/25878","targetHints":{"allow":["GET"]}}],"collection":[{"href":"https:\/\/www.stopcyberviolences.org\/fr-fr\/wp-json\/wp\/v2\/pages"}],"about":[{"href":"https:\/\/www.stopcyberviolences.org\/fr-fr\/wp-json\/wp\/v2\/types\/page"}],"author":[{"embeddable":true,"href":"https:\/\/www.stopcyberviolences.org\/fr-fr\/wp-json\/wp\/v2\/users\/6"}],"replies":[{"embeddable":true,"href":"https:\/\/www.stopcyberviolences.org\/fr-fr\/wp-json\/wp\/v2\/comments?post=25878"}],"version-history":[{"count":86,"href":"https:\/\/www.stopcyberviolences.org\/fr-fr\/wp-json\/wp\/v2\/pages\/25878\/revisions"}],"predecessor-version":[{"id":33764,"href":"https:\/\/www.stopcyberviolences.org\/fr-fr\/wp-json\/wp\/v2\/pages\/25878\/revisions\/33764"}],"wp:attachment":[{"href":"https:\/\/www.stopcyberviolences.org\/fr-fr\/wp-json\/wp\/v2\/media?parent=25878"}],"curies":[{"name":"wp","href":"https:\/\/api.w.org\/{rel}","templated":true}]}}