{"id":25882,"date":"2025-01-22T15:34:16","date_gmt":"2025-01-22T14:34:16","guid":{"rendered":"https:\/\/www.stopcyberviolences.org\/a-propos\/"},"modified":"2026-04-22T15:47:16","modified_gmt":"2026-04-22T13:47:16","slug":"soutenez-nous","status":"publish","type":"page","link":"https:\/\/www.stopcyberviolences.org\/fr-ca\/soutenez-nous\/","title":{"rendered":"Soutenez-nous"},"content":{"rendered":"<div data-elementor-type=\"wp-page\" data-elementor-id=\"25882\" class=\"elementor elementor-25882\" data-elementor-post-type=\"page\">\n\t\t\t\t<div class=\"elementor-element elementor-element-4123d942 e-flex e-con-boxed e-con e-parent\" data-id=\"4123d942\" data-element_type=\"container\" data-e-type=\"container\">\n\t\t\t\t\t<div class=\"e-con-inner\">\n\t\t\t\t<div class=\"elementor-element elementor-element-4e01abea elementor-widget elementor-widget-image\" data-id=\"4e01abea\" data-element_type=\"widget\" data-e-type=\"widget\" data-widget_type=\"image.default\">\n\t\t\t\t<div class=\"elementor-widget-container\">\n\t\t\t\t\t\t\t\t\t\t\t\t\t\t\t<img fetchpriority=\"high\" decoding=\"async\" width=\"300\" height=\"300\" src=\"https:\/\/www.stopcyberviolences.org\/wp-content\/uploads\/2025\/07\/Soutenez-Stop-Cyberviolences-300x300.png\" class=\"attachment-medium size-medium wp-image-38300\" alt=\"\" srcset=\"https:\/\/www.stopcyberviolences.org\/wp-content\/uploads\/2025\/07\/Soutenez-Stop-Cyberviolences-300x300.png 300w, https:\/\/www.stopcyberviolences.org\/wp-content\/uploads\/2025\/07\/Soutenez-Stop-Cyberviolences-150x150.png 150w, https:\/\/www.stopcyberviolences.org\/wp-content\/uploads\/2025\/07\/Soutenez-Stop-Cyberviolences-12x12.png 12w, https:\/\/www.stopcyberviolences.org\/wp-content\/uploads\/2025\/07\/Soutenez-Stop-Cyberviolences.png 500w\" sizes=\"(max-width: 300px) 100vw, 300px\" \/>\t\t\t\t\t\t\t\t\t\t\t\t\t\t\t<\/div>\n\t\t\t\t<\/div>\n\t\t\t\t<div class=\"elementor-element elementor-element-5ad96ce elementor-widget elementor-widget-heading\" data-id=\"5ad96ce\" data-element_type=\"widget\" data-e-type=\"widget\" data-widget_type=\"heading.default\">\n\t\t\t\t<div class=\"elementor-widget-container\">\n\t\t\t\t\t<h2 class=\"elementor-heading-title elementor-size-default\">Un programme rendu possible gr\u00e2ce \u00e0 votre engagement<\/h2>\t\t\t\t<\/div>\n\t\t\t\t<\/div>\n\t\t\n\t\t<div class=\"elementor-element elementor-element-2ad424be elementor-widget elementor-widget-text-editor\" data-id=\"2ad424be\" data-element_type=\"widget\" data-e-type=\"widget\" data-widget_type=\"text-editor.default\">\n\t\t\t\t<div class=\"elementor-widget-container\">\n\t\t\t\t\t\t\t\t\t<p>Contribuez d\u00e8s maintenant au Fonds \"STOP Cyberviolences\" \u00e9tabli chez Myriad Canada. En tant qu'organisme de bienfaisance enregistr\u00e9 au Canada, Myriad Canada fournit des re\u00e7us officiels pour les dons, ce qui permet aux donateurs de r\u00e9clamer l\u2019avantage fiscal auquel ils ont droit en vertu de la loi canadienne. <br> Contribute now to the \"STOP Cyberviolence\" Fund established at Myriad Canada. As a registered charity in Canada, Myriad Canada provides official receipts for donations, allowing donors to claim the income tax benefit to which they are entitled under Canadian law.<\/p>\t\t\t\t\t\t\t\t<\/div>\n\t\t\t\t<\/div>\n\t\t\t\t\t<\/div>\n\t\t\t\t<\/div>\n\t\t<div class=\"elementor-element elementor-element-6cf0c39 e-flex e-con-boxed e-con e-parent\" data-id=\"6cf0c39\" data-element_type=\"container\" data-e-type=\"container\">\n\t\t\t\t\t<div class=\"e-con-inner\">\n\t\t\t\t<div class=\"elementor-element elementor-element-6527c27 elementor-widget elementor-widget-html\" data-id=\"6527c27\" data-element_type=\"widget\" data-e-type=\"widget\" data-widget_type=\"html.default\">\n\t\t\t\t<div class=\"elementor-widget-container\">\n\t\t\t\t\t\r\n\r\n<div style=\"max-width: 640px; margin: 0 auto; padding: 2rem 1.5rem; font-family: sans-serif;\">\r\n  <div style=\"background: #ffffff; border: 1px solid #e5e7eb; border-radius: 12px; padding: 2rem; text-align: center;\">\r\n\r\n    <div style=\"display: inline-flex; align-items: center; justify-content: center; width: 48px; height: 48px; background: #F0ECF9; border-radius: 50%; margin-bottom: 1.25rem;\">\r\n      <svg width=\"22\" height=\"22\" viewbox=\"0 0 24 24\" fill=\"none\" xmlns=\"http:\/\/www.w3.org\/2000\/svg\">\r\n        <path d=\"M12 21.35l-1.45-1.32C5.4 15.36 2 12.28 2 8.5 2 5.42 4.42 3 7.5 3c1.74 0 3.41.81 4.5 2.09C13.09 3.81 14.76 3 16.5 3 19.58 3 22 5.42 22 8.5c0 3.78-3.4 6.86-8.55 11.54L12 21.35z\" fill=\"#7C3AED\"\/>\r\n      <\/svg>\r\n    <\/div>\r\n\r\n    <p style=\"font-size: 11px; font-weight: 600; letter-spacing: 0.08em; color: #7C3AED; text-transform: uppercase; margin: 0 0 0.6rem;\">Fonds STOP Cyberviolences<\/p>\r\n\r\n    <h2 style=\"font-size: 20px; font-weight: 600; color: #111827; margin: 0 0 1rem; line-height: 1.4;\">\r\n      Contribuez d\u00e8s maintenant au Fonds<br>\r\n      <span style=\"color: #7C3AED;\">Non aux Cyberviolences<\/span>\r\n    <\/h2>\r\n\r\n    <p style=\"font-size: 14px; color: #6b7280; line-height: 1.7; margin: 0 0 1.5rem; max-width: 480px; margin-left: auto; margin-right: auto;\">\r\n      \u00c9tabli chez <strong style=\"color: #111827;\">Myriad Canada<\/strong>, organisme de bienfaisance enregistr\u00e9, votre don donne droit \u00e0 un <strong style=\"color: #111827;\">re\u00e7u fiscal officiel<\/strong> conforme \u00e0 la loi canadienne.\r\n    <\/p>\r\n\r\n    <a href=\"https:\/\/www.myriadcanada.org\/fr\/projet\/fonds-stop-cyberviolences\/\"\r\n       target=\"_blank\"\r\n       rel=\"noopener noreferrer\"\r\n       style=\"display: inline-block; background: #7C3AED; color: #ffffff; font-size: 15px; font-weight: 600; padding: 14px 36px; border-radius: 8px; text-decoration: none;\">\r\n      Faire un don\r\n    <\/a>\r\n\r\n    <p style=\"font-size: 12px; color: #9ca3af; margin: 1.25rem 0 0;\">\r\n      Re\u00e7u fiscal \u00e9mis par Myriad Canada \u00b7 Num\u00e9ro d'enregistrement canadien\r\n    <\/p>\r\n\r\n  <\/div>\r\n<\/div>\r\n\r\n \t\t\t\t<\/div>\n\t\t\t\t<\/div>\n\t\t\t\t\t<\/div>\n\t\t\t\t<\/div>\n\t\t\t\t<\/div>","protected":false},"excerpt":{"rendered":"<p>Un programme rendu possible gr\u00e2ce \u00e0 votre engagement Le programme STOP Cyberviolences existe gr\u00e2ce au soutien pr\u00e9cieux des entreprises et des organismes qui nous font confiance. Votre engagement permet de d\u00e9velopper des ressources innovantes, de sensibiliser des milliers de personnes et de faire du num\u00e9rique un espace plus s\u00fbr pour tous. Ensemble, nous avons le [&hellip;]<\/p>\n","protected":false},"author":6,"featured_media":0,"parent":0,"menu_order":8,"comment_status":"closed","ping_status":"closed","template":"","meta":{"footnotes":""},"class_list":["post-25882","page","type-page","status-publish","hentry"],"_links":{"self":[{"href":"https:\/\/www.stopcyberviolences.org\/fr-ca\/wp-json\/wp\/v2\/pages\/25882","targetHints":{"allow":["GET"]}}],"collection":[{"href":"https:\/\/www.stopcyberviolences.org\/fr-ca\/wp-json\/wp\/v2\/pages"}],"about":[{"href":"https:\/\/www.stopcyberviolences.org\/fr-ca\/wp-json\/wp\/v2\/types\/page"}],"author":[{"embeddable":true,"href":"https:\/\/www.stopcyberviolences.org\/fr-ca\/wp-json\/wp\/v2\/users\/6"}],"replies":[{"embeddable":true,"href":"https:\/\/www.stopcyberviolences.org\/fr-ca\/wp-json\/wp\/v2\/comments?post=25882"}],"version-history":[{"count":25,"href":"https:\/\/www.stopcyberviolences.org\/fr-ca\/wp-json\/wp\/v2\/pages\/25882\/revisions"}],"predecessor-version":[{"id":42611,"href":"https:\/\/www.stopcyberviolences.org\/fr-ca\/wp-json\/wp\/v2\/pages\/25882\/revisions\/42611"}],"wp:attachment":[{"href":"https:\/\/www.stopcyberviolences.org\/fr-ca\/wp-json\/wp\/v2\/media?parent=25882"}],"curies":[{"name":"wp","href":"https:\/\/api.w.org\/{rel}","templated":true}]}}