{"id":34016,"date":"2025-06-17T11:21:41","date_gmt":"2025-06-17T09:21:41","guid":{"rendered":"https:\/\/www.stopcyberviolences.org\/?page_id=34016"},"modified":"2025-06-17T16:24:11","modified_gmt":"2025-06-17T14:24:11","slug":"devenez-ambassadeur-2","status":"publish","type":"page","link":"https:\/\/www.stopcyberviolences.org\/es\/devenez-ambassadeur-2\/","title":{"rendered":"Devenez ambassadeur"},"content":{"rendered":"<div data-elementor-type=\"wp-page\" data-elementor-id=\"34016\" class=\"elementor elementor-34016\" data-elementor-post-type=\"page\">\n\t\t\t\t<div class=\"elementor-element elementor-element-0ba9cf0 e-flex e-con-boxed e-con e-parent\" data-id=\"0ba9cf0\" data-element_type=\"container\" data-e-type=\"container\" data-settings=\"{&quot;background_background&quot;:&quot;classic&quot;}\">\n\t\t\t\t\t<div class=\"e-con-inner\">\n\t\t<div class=\"elementor-element elementor-element-ae03f3f e-con-full e-flex e-con e-child\" data-id=\"ae03f3f\" data-element_type=\"container\" data-e-type=\"container\" data-settings=\"{&quot;background_background&quot;:&quot;classic&quot;}\">\n\t\t\t\t<div class=\"elementor-element elementor-element-fe8fb39 elementor-widget elementor-widget-heading\" data-id=\"fe8fb39\" data-element_type=\"widget\" data-e-type=\"widget\" data-widget_type=\"heading.default\">\n\t\t\t\t<div class=\"elementor-widget-container\">\n\t\t\t\t\t<h2 class=\"elementor-heading-title elementor-size-default\">Cyberviolence, harc\u00e8lement en ligne, contenu inappropri\u00e9, isolement...<\/h2>\t\t\t\t<\/div>\n\t\t\t\t<\/div>\n\t\t\n\t\t<div class=\"elementor-element elementor-element-6f148aa elementor-widget elementor-widget-text-editor\" data-id=\"6f148aa\" data-element_type=\"widget\" data-e-type=\"widget\" data-widget_type=\"text-editor.default\">\n\t\t\t\t<div class=\"elementor-widget-container\">\n\t\t\t\t\t\t\t\t\t<p data-start=\"240\" data-end=\"431\">Dans le monde num\u00e9rique, nos enfants et nos \u00e9l\u00e8ves peuvent \u00eatre expos\u00e9s \u00e0 des risques invisibles, mais bien r\u00e9els.<\/p>\t\t\t\t\t\t\t\t<\/div>\n\t\t\t\t<\/div>\n\t\t\t\t<\/div>\n\t\t\t\t\t<\/div>\n\t\t\t\t<\/div>\n\t\t<div class=\"elementor-element elementor-element-4016d1a e-flex e-con-boxed e-con e-parent\" data-id=\"4016d1a\" data-element_type=\"container\" data-e-type=\"container\">\n\t\t\t\t\t<div class=\"e-con-inner\">\n\t\t<div class=\"elementor-element elementor-element-5dc8d85 e-con-full e-flex e-con e-child\" data-id=\"5dc8d85\" data-element_type=\"container\" data-e-type=\"container\">\n\t\t\t\t<div class=\"elementor-element elementor-element-2c2fd6e elementor-widget elementor-widget-image\" data-id=\"2c2fd6e\" data-element_type=\"widget\" data-e-type=\"widget\" data-widget_type=\"image.default\">\n\t\t\t\t<div class=\"elementor-widget-container\">\n\t\t\t\t\t\t\t\t\t\t\t\t\t\t\t<img fetchpriority=\"high\" decoding=\"async\" width=\"800\" height=\"800\" src=\"https:\/\/www.stopcyberviolences.org\/wp-content\/uploads\/2025\/06\/t-5.png\" class=\"attachment-large size-large wp-image-33268\" alt=\"\" srcset=\"https:\/\/www.stopcyberviolences.org\/wp-content\/uploads\/2025\/06\/t-5.png 1024w, https:\/\/www.stopcyberviolences.org\/wp-content\/uploads\/2025\/06\/t-5-300x300.png 300w, https:\/\/www.stopcyberviolences.org\/wp-content\/uploads\/2025\/06\/t-5-150x150.png 150w, https:\/\/www.stopcyberviolences.org\/wp-content\/uploads\/2025\/06\/t-5-768x768.png 768w, https:\/\/www.stopcyberviolences.org\/wp-content\/uploads\/2025\/06\/t-5-12x12.png 12w\" sizes=\"(max-width: 800px) 100vw, 800px\" \/>\t\t\t\t\t\t\t\t\t\t\t\t\t\t\t<\/div>\n\t\t\t\t<\/div>\n\t\t\t\t<\/div>\n\t\t<div class=\"elementor-element elementor-element-672758f e-con-full e-flex e-con e-child\" data-id=\"672758f\" data-element_type=\"container\" data-e-type=\"container\">\n\t\t\t\t<div class=\"elementor-element elementor-element-60a6d1a2 elementor-widget elementor-widget-heading\" data-id=\"60a6d1a2\" data-element_type=\"widget\" data-e-type=\"widget\" data-widget_type=\"heading.default\">\n\t\t\t\t<div class=\"elementor-widget-container\">\n\t\t\t\t\t<h2 class=\"elementor-heading-title elementor-size-default\">Devenez ambassadeur STOP cyberviolences<\/h2>\t\t\t\t<\/div>\n\t\t\t\t<\/div>\n\t\t\t\t<div class=\"elementor-element elementor-element-b7b2ac8 elementor-widget elementor-widget-text-editor\" data-id=\"b7b2ac8\" data-element_type=\"widget\" data-e-type=\"widget\" data-widget_type=\"text-editor.default\">\n\t\t\t\t<div class=\"elementor-widget-container\">\n\t\t\t\t\t\t\t\t\t<p data-start=\"335\" data-end=\"557\"><strong data-start=\"335\" data-end=\"429\">Vous \u00eates parent, enseignant, CPE, surveillant, AESH\u2026 et vous voulez faire la diff\u00e9rence ?<\/strong><br data-start=\"429\" data-end=\"432\" \/>Rejoignez notre r\u00e9seau d\u2019ambassadeurs pour sensibiliser, dialoguer, et transmettre les bons r\u00e9flexes face aux cyberviolences.<\/p><p data-start=\"559\" data-end=\"737\">Parce que les jeunes ont besoin d\u2019adultes pr\u00e9sents, outill\u00e9s et bienveillants, <strong data-start=\"638\" data-end=\"671\">vous avez un r\u00f4le cl\u00e9 \u00e0 jouer<\/strong> \u2014 \u00e0 la maison, \u00e0 l\u2019\u00e9cole, en ligne ou dans les espaces informels.<\/p><p data-start=\"739\" data-end=\"864\">\ud83d\udc49 Formez-vous gratuitement<br data-start=\"766\" data-end=\"769\" \/>\ud83d\udc49 Rejoignez une communaut\u00e9 engag\u00e9e<br data-start=\"804\" data-end=\"807\" \/>\ud83d\udc49 Agissez concr\u00e8tement aupr\u00e8s des jeunes et des familles<\/p>\t\t\t\t\t\t\t\t<\/div>\n\t\t\t\t<\/div>\n\t\t\t\t<\/div>\n\t\t\t\t\t<\/div>\n\t\t\t\t<\/div>\n\t\t<div class=\"elementor-element elementor-element-696bcbf e-flex e-con-boxed e-con e-parent\" data-id=\"696bcbf\" data-element_type=\"container\" data-e-type=\"container\">\n\t\t\t\t\t<div class=\"e-con-inner\">\n\t\t<div class=\"elementor-element elementor-element-1d81402 e-con-full e-flex e-con e-child\" data-id=\"1d81402\" data-element_type=\"container\" data-e-type=\"container\">\n\t\t\t\t<div class=\"elementor-element elementor-element-f81f748 elementor-widget__width-initial elementor-widget elementor-widget-heading\" data-id=\"f81f748\" data-element_type=\"widget\" data-e-type=\"widget\" data-widget_type=\"heading.default\">\n\t\t\t\t<div class=\"elementor-widget-container\">\n\t\t\t\t\t<h2 class=\"elementor-heading-title elementor-size-default\">Alors, par o\u00f9 commencer ?<\/h2>\t\t\t\t<\/div>\n\t\t\t\t<\/div>\n\t\t\t\t<div class=\"elementor-element elementor-element-3f32d9b elementor-widget elementor-widget-text-editor\" data-id=\"3f32d9b\" data-element_type=\"widget\" data-e-type=\"widget\" data-widget_type=\"text-editor.default\">\n\t\t\t\t<div class=\"elementor-widget-container\">\n\t\t\t\t\t\t\t\t\t<p>Choisissez l\u2019espace qui vous correspond \u2193\u2193\u2193<\/p>\t\t\t\t\t\t\t\t<\/div>\n\t\t\t\t<\/div>\n\t\t\t\t<\/div>\n\t\t\t\t\t<\/div>\n\t\t\t\t<\/div>\n\t\t<div class=\"elementor-element elementor-element-390b4c7b e-grid e-con-boxed e-con e-parent\" data-id=\"390b4c7b\" data-element_type=\"container\" data-e-type=\"container\">\n\t\t\t\t\t<div class=\"e-con-inner\">\n\t\t\t\t<div class=\"elementor-element elementor-element-32ddee0 elementor-widget__width-initial elementor-widget-tablet__width-initial elementor-widget-mobile__width-initial elementor-flip-box--direction-right elementor-flip-box--effect-push elementor-widget elementor-widget-flip-box\" data-id=\"32ddee0\" data-element_type=\"widget\" data-e-type=\"widget\" data-widget_type=\"flip-box.default\">\n\t\t\t\t<div class=\"elementor-widget-container\">\n\t\t\t\t\t\t\t<div class=\"elementor-flip-box\" tabindex=\"0\">\n\t\t\t<div class=\"elementor-flip-box__layer elementor-flip-box__front\">\n\t\t\t\t<div class=\"elementor-flip-box__layer__overlay\">\n\t\t\t\t\t<div class=\"elementor-flip-box__layer__inner\">\n\t\t\t\t\t\t\t\t\t\t\t\t\t<div class=\"elementor-icon-wrapper elementor-view-default\">\n\t\t\t\t\t\t\t\t<div class=\"elementor-icon\">\n\t\t\t\t\t\t\t\t\t<svg xmlns=\"http:\/\/www.w3.org\/2000\/svg\" xmlns:xlink=\"http:\/\/www.w3.org\/1999\/xlink\" width=\"300\" viewbox=\"0 0 224.87999 225\" height=\"300\" preserveaspectratio=\"xMidYMid meet\"><defs><clippath id=\"6693969d2c\"><path d=\"M 41.335938 6.574219 L 178 6.574219 L 178 218.710938 L 41.335938 218.710938 Z M 41.335938 6.574219 \"><\/path><\/clippath><\/defs><g id=\"0e5015285d\"><g clip-rule=\"nonzero\" clip-path=\"url(#6693969d2c)\"><path style=\" stroke:none;fill-rule:nonzero;fill:#ffffff;fill-opacity:1;\" d=\"M 165.96875 191.199219 C 160.453125 199.789062 143.296875 206.554688 114.988281 211.308594 C 93.425781 214.929688 75.644531 211.445312 63.566406 201.226562 C 52.886719 192.191406 47.242188 178.332031 47.242188 161.15625 L 47.242188 154.121094 C 47.242188 135.605469 53.832031 117.625 65.800781 103.496094 L 77.089844 90.167969 C 81.949219 92.0625 87.214844 93.140625 92.738281 93.140625 C 101.773438 93.140625 110.164062 90.347656 117.113281 85.59375 C 116.402344 89.515625 116.460938 93.636719 117.453125 97.753906 C 119.953125 108.15625 127.691406 115.9375 137.191406 119.023438 C 135.273438 121.402344 131.539062 124.21875 125.023438 122.960938 C 122.011719 122.378906 119.085938 121.578125 116.257812 120.796875 C 106.878906 118.214844 98.019531 115.773438 91.972656 123.875 C 89.0625 127.773438 88.226562 132.148438 89.621094 136.199219 C 91.175781 140.710938 96.261719 146.96875 111.667969 151.167969 C 119.746094 153.367188 124.71875 153.808594 127.691406 154.070312 C 128.023438 154.101562 128.375 154.128906 128.699219 154.160156 C 128.625 154.574219 128.527344 155.039062 128.441406 155.476562 L 127.929688 158.042969 C 126.605469 164.773438 125.4375 170.703125 126.171875 176.507812 C 116.332031 179.632812 96.898438 182.3125 87.007812 173.378906 C 80.523438 167.519531 79.292969 157.351562 83.351562 143.148438 C 83.785156 141.632812 82.90625 140.054688 81.394531 139.621094 C 79.875 139.183594 78.296875 140.0625 77.867188 141.578125 C 73.160156 158.050781 74.949219 170.171875 83.183594 177.609375 C 96.132812 189.308594 120.925781 184.871094 130.898438 180.890625 C 145.949219 174.882812 157.417969 173.164062 163.195312 176.058594 C 165.339844 177.132812 166.710938 178.871094 167.378906 181.371094 C 168.351562 184.992188 167.890625 188.207031 165.96875 191.199219 Z M 55.167969 49.863281 C 55.167969 29.148438 72.019531 12.292969 92.738281 12.292969 C 113.457031 12.292969 130.308594 29.148438 130.308594 49.863281 C 130.308594 70.582031 113.457031 87.433594 92.738281 87.433594 C 72.019531 87.433594 55.167969 70.582031 55.167969 49.863281 Z M 140.691406 67.519531 C 142.566406 67.070312 144.441406 66.851562 146.292969 66.851562 C 157.109375 66.851562 166.949219 74.242188 169.585938 85.210938 C 172.679688 98.054688 164.742188 111.019531 151.898438 114.109375 C 139.050781 117.199219 126.085938 109.265625 123 96.417969 C 119.90625 83.574219 127.84375 70.609375 140.691406 67.519531 Z M 167.894531 172.324219 C 167.226562 171.824219 166.53125 171.351562 165.75 170.960938 C 158.730469 167.441406 147.257812 168.671875 131.734375 174.492188 C 131.429688 169.898438 132.40625 164.839844 133.527344 159.148438 L 134.03125 156.609375 C 134.613281 153.726562 134.96875 151.984375 133.761719 150.371094 C 132.570312 148.773438 130.828125 148.621094 128.191406 148.386719 C 125.410156 148.144531 120.753906 147.730469 113.167969 145.664062 C 99.480469 141.933594 95.917969 136.96875 95.011719 134.34375 C 94.230469 132.066406 94.742188 129.691406 96.539062 127.289062 C 100.085938 122.542969 105.488281 123.75 114.742188 126.296875 C 117.675781 127.101562 120.710938 127.9375 123.941406 128.5625 C 134.335938 130.5625 140.566406 124.859375 143.210938 120.300781 C 144.226562 120.410156 145.253906 120.484375 146.292969 120.484375 C 148.582031 120.484375 150.910156 120.214844 153.230469 119.65625 C 158.488281 118.390625 163.054688 115.773438 166.710938 112.285156 C 169.867188 119.632812 175.664062 139.179688 167.894531 172.324219 Z M 172.289062 178.285156 C 183.308594 136.285156 174.039062 113.671875 170.769531 107.484375 C 175.316406 100.808594 177.167969 92.332031 175.132812 83.878906 C 171.308594 67.976562 155.265625 58.148438 139.355469 61.976562 C 137.328125 62.460938 135.402344 63.152344 133.589844 64.011719 C 135.132812 59.570312 136.011719 54.824219 136.011719 49.863281 C 136.011719 26.003906 116.601562 6.589844 92.738281 6.589844 C 68.875 6.589844 49.460938 26.003906 49.460938 49.863281 C 49.460938 66.105469 58.464844 80.265625 71.730469 87.667969 L 61.449219 99.804688 C 48.609375 114.964844 41.535156 134.257812 41.535156 154.121094 L 41.535156 161.15625 C 41.535156 180.066406 47.882812 195.425781 59.882812 205.582031 C 69.914062 214.066406 83.304688 218.402344 99.171875 218.398438 C 104.488281 218.398438 110.089844 217.914062 115.933594 216.933594 C 146.316406 211.828125 164.253906 204.421875 170.769531 194.28125 C 173.570312 189.925781 174.28125 185.085938 172.890625 179.894531 C 172.734375 179.320312 172.496094 178.816406 172.289062 178.285156 \"><\/path><\/g><\/g><\/svg>\t\t\t\t\t\t\t\t<\/div>\n\t\t\t\t\t\t\t<\/div>\n\t\t\t\t\t\t\n\t\t\t\t\t\t\t\t\t\t\t\t\t<h3 class=\"elementor-flip-box__layer__title\">\n\t\t\t\t\t\t\t\t Je suis parent  \u2192\t\t\t\t\t\t\t<\/h3>\n\t\t\t\t\t\t\n\t\t\t\t\t\t\t\t\t\t\t<\/div>\n\t\t\t\t<\/div>\n\t\t\t<\/div>\n\t\t\t<a class=\"elementor-flip-box__layer elementor-flip-box__back\" href=\"https:\/\/www.stopcyberviolences.org\/es\/devenez-parent-ambassadeur\/\" target=\"_blank\">\n\t\t\t<div class=\"elementor-flip-box__layer__overlay\">\n\t\t\t\t<div class=\"elementor-flip-box__layer__inner\">\n\t\t\t\t\t\n\t\t\t\t\t\t\t\t\t\t\t<div class=\"elementor-flip-box__layer__description\">\n\t\t\t\t\t\t\t\u2192    Je deviens parent ambassadeur\t\t\t\t\t\t<\/div>\n\t\t\t\t\t\n\t\t\t\t\t\t\t\t<\/div>\n\t\t<\/div>\n\t\t<\/a>\n\t\t<\/div>\n\t\t\t\t\t\t<\/div>\n\t\t\t\t<\/div>\n\t\t\t\t<div class=\"elementor-element elementor-element-2963646 elementor-widget__width-initial elementor-widget-tablet__width-initial elementor-widget-mobile__width-initial elementor-flip-box--direction-right elementor-flip-box--effect-push elementor-widget elementor-widget-flip-box\" data-id=\"2963646\" data-element_type=\"widget\" data-e-type=\"widget\" data-widget_type=\"flip-box.default\">\n\t\t\t\t<div class=\"elementor-widget-container\">\n\t\t\t\t\t\t\t<div class=\"elementor-flip-box\" tabindex=\"0\">\n\t\t\t<div class=\"elementor-flip-box__layer elementor-flip-box__front\">\n\t\t\t\t<div class=\"elementor-flip-box__layer__overlay\">\n\t\t\t\t\t<div class=\"elementor-flip-box__layer__inner\">\n\t\t\t\t\t\t\t\t\t\t\t\t\t<div class=\"elementor-icon-wrapper elementor-view-default\">\n\t\t\t\t\t\t\t\t<div class=\"elementor-icon\">\n\t\t\t\t\t\t\t\t\t<svg xmlns=\"http:\/\/www.w3.org\/2000\/svg\" xmlns:xlink=\"http:\/\/www.w3.org\/1999\/xlink\" width=\"300\" viewbox=\"0 0 224.87999 225\" height=\"300\" preserveaspectratio=\"xMidYMid meet\"><defs><clippath id=\"f50c2f75a8\"><path d=\"M 29.785156 13.507812 L 205.9375 13.507812 L 205.9375 211.402344 L 29.785156 211.402344 Z M 29.785156 13.507812 \"><\/path><\/clippath><\/defs><g id=\"6092ca36a2\"><g clip-rule=\"nonzero\" clip-path=\"url(#f50c2f75a8)\"><path style=\" stroke:none;fill-rule:nonzero;fill:#ffffff;fill-opacity:1;\" d=\"M 189.988281 91.484375 C 190.578125 83.355469 193.777344 80.675781 195.164062 79.890625 C 196.589844 80.699219 199.765625 83.386719 200.359375 91.484375 Z M 118.917969 81.125 L 49.40625 50.230469 L 118.917969 19.34375 L 188.429688 50.230469 Z M 155.238281 114.339844 L 82.597656 114.339844 L 82.597656 70.980469 L 117.804688 86.625 C 118.15625 86.78125 118.539062 86.859375 118.917969 86.859375 C 119.292969 86.859375 119.675781 86.78125 120.03125 86.625 L 155.238281 70.976562 Z M 181.675781 124.816406 L 49.113281 124.816406 C 47.601562 124.816406 46.375 126.042969 46.375 127.558594 C 46.375 129.066406 47.601562 130.292969 49.113281 130.292969 L 181.128906 130.292969 L 181.128906 137.183594 L 49.113281 137.183594 C 47.601562 137.183594 46.375 138.410156 46.375 139.921875 C 46.375 141.433594 47.601562 142.660156 49.113281 142.660156 L 181.128906 142.660156 L 181.128906 149.554688 L 49.113281 149.554688 C 47.601562 149.554688 46.375 150.78125 46.375 152.292969 C 46.375 153.804688 47.601562 155.03125 49.113281 155.03125 L 181.675781 155.03125 C 182.136719 156.851562 182.820312 158.578125 183.921875 160.03125 L 55.417969 160.03125 C 44.332031 160.03125 35.3125 151.007812 35.3125 139.921875 C 35.3125 128.835938 44.332031 119.820312 55.417969 119.820312 L 183.921875 119.820312 C 182.820312 121.269531 182.136719 122.996094 181.675781 124.816406 Z M 181.675781 170.507812 L 49.113281 170.507812 C 47.601562 170.507812 46.375 171.734375 46.375 173.246094 C 46.375 174.757812 47.601562 175.984375 49.113281 175.984375 L 181.128906 175.984375 L 181.128906 182.871094 L 49.113281 182.871094 C 47.601562 182.871094 46.375 184.097656 46.375 185.613281 C 46.375 187.121094 47.601562 188.347656 49.113281 188.347656 L 181.128906 188.347656 L 181.128906 195.238281 L 49.113281 195.238281 C 47.601562 195.238281 46.375 196.464844 46.375 197.976562 C 46.375 199.488281 47.601562 200.714844 49.113281 200.714844 L 181.675781 200.714844 C 182.136719 202.539062 182.820312 204.261719 183.921875 205.714844 L 55.417969 205.714844 C 44.332031 205.714844 35.3125 196.695312 35.3125 185.613281 C 35.3125 174.53125 44.332031 165.507812 55.417969 165.507812 L 183.921875 165.507812 C 182.820312 166.960938 182.136719 168.6875 181.675781 170.507812 Z M 197.914062 75.179688 L 197.914062 50.230469 C 197.914062 49.738281 197.746094 49.300781 197.519531 48.898438 C 197.460938 48.796875 197.398438 48.710938 197.328125 48.617188 C 197.066406 48.265625 196.746094 47.976562 196.351562 47.785156 C 196.324219 47.769531 196.3125 47.742188 196.285156 47.730469 L 120.03125 13.84375 C 119.320312 13.527344 118.507812 13.527344 117.804688 13.84375 L 41.550781 47.730469 C 40.558594 48.167969 39.925781 49.148438 39.925781 50.230469 C 39.925781 51.3125 40.558594 52.296875 41.550781 52.734375 L 77.121094 68.546875 L 77.121094 114.339844 L 55.417969 114.339844 C 41.3125 114.339844 29.835938 125.816406 29.835938 139.921875 C 29.835938 149.964844 35.699219 158.582031 44.132812 162.769531 C 35.699219 166.953125 29.835938 175.574219 29.835938 185.613281 C 29.835938 199.71875 41.3125 211.191406 55.417969 211.191406 L 194.917969 211.191406 C 196.429688 211.191406 197.65625 209.964844 197.65625 208.453125 C 197.65625 206.941406 196.429688 205.714844 194.917969 205.714844 C 190.335938 205.714844 186.605469 201.984375 186.605469 197.40625 L 186.605469 173.816406 C 186.605469 169.238281 190.335938 165.507812 194.917969 165.507812 C 196.429688 165.507812 197.65625 164.28125 197.65625 162.769531 C 197.65625 161.257812 196.429688 160.03125 194.917969 160.03125 C 190.335938 160.03125 186.605469 156.300781 186.605469 151.722656 L 186.605469 128.128906 C 186.605469 123.542969 190.335938 119.820312 194.917969 119.820312 C 196.429688 119.820312 197.65625 118.59375 197.65625 117.082031 C 197.65625 115.566406 196.429688 114.339844 194.917969 114.339844 L 160.714844 114.339844 L 160.714844 68.542969 L 192.4375 54.445312 L 192.4375 75.179688 C 189.460938 76.914062 184.414062 81.707031 184.414062 94.222656 C 184.414062 95.734375 185.640625 96.960938 187.152344 96.960938 L 203.191406 96.960938 C 204.707031 96.960938 205.933594 95.734375 205.933594 94.222656 C 205.933594 81.707031 200.886719 76.914062 197.914062 75.179688 \"><\/path><\/g><\/g><\/svg>\t\t\t\t\t\t\t\t<\/div>\n\t\t\t\t\t\t\t<\/div>\n\t\t\t\t\t\t\n\t\t\t\t\t\t\t\t\t\t\t\t\t<h3 class=\"elementor-flip-box__layer__title\">\n\t\t\t\t\t\t\t\t Je suis un professionnel de l\u2019\u00e9ducation \u2192\t\t\t\t\t\t\t<\/h3>\n\t\t\t\t\t\t\n\t\t\t\t\t\t\t\t\t\t\t<\/div>\n\t\t\t\t<\/div>\n\t\t\t<\/div>\n\t\t\t<a class=\"elementor-flip-box__layer elementor-flip-box__back\" href=\"https:\/\/www.stopcyberviolences.org\/es\/devenez-ambassadeur-educatif\/\" target=\"_blank\">\n\t\t\t<div class=\"elementor-flip-box__layer__overlay\">\n\t\t\t\t<div class=\"elementor-flip-box__layer__inner\">\n\t\t\t\t\t\n\t\t\t\t\t\t\t\t\t\t\t<div class=\"elementor-flip-box__layer__description\">\n\t\t\t\t\t\t\t\u2192  Je deviens ambassadeur \u00e9ducatif\t\t\t\t\t\t<\/div>\n\t\t\t\t\t\n\t\t\t\t\t\t\t\t<\/div>\n\t\t<\/div>\n\t\t<\/a>\n\t\t<\/div>\n\t\t\t\t\t\t<\/div>\n\t\t\t\t<\/div>\n\t\t\t\t\t<\/div>\n\t\t\t\t<\/div>\n\t\t\t\t<\/div>","protected":false},"excerpt":{"rendered":"<p>Cyberviolence, harc\u00e8lement en ligne, contenu inappropri\u00e9, isolement&#8230; Dans le monde num\u00e9rique, nos enfants et nos \u00e9l\u00e8ves peuvent \u00eatre expos\u00e9s \u00e0 des risques invisibles, mais bien r\u00e9els. Devenez ambassadeur STOP cyberviolences Vous \u00eates parent, enseignant, CPE, surveillant, AESH\u2026 et vous voulez faire la diff\u00e9rence ?Rejoignez notre r\u00e9seau d\u2019ambassadeurs pour sensibiliser, dialoguer, et transmettre les bons r\u00e9flexes [&hellip;]<\/p>\n","protected":false},"author":142,"featured_media":0,"parent":0,"menu_order":0,"comment_status":"closed","ping_status":"closed","template":"","meta":{"footnotes":""},"class_list":["post-34016","page","type-page","status-publish","hentry"],"_links":{"self":[{"href":"https:\/\/www.stopcyberviolences.org\/es\/wp-json\/wp\/v2\/pages\/34016","targetHints":{"allow":["GET"]}}],"collection":[{"href":"https:\/\/www.stopcyberviolences.org\/es\/wp-json\/wp\/v2\/pages"}],"about":[{"href":"https:\/\/www.stopcyberviolences.org\/es\/wp-json\/wp\/v2\/types\/page"}],"author":[{"embeddable":true,"href":"https:\/\/www.stopcyberviolences.org\/es\/wp-json\/wp\/v2\/users\/142"}],"replies":[{"embeddable":true,"href":"https:\/\/www.stopcyberviolences.org\/es\/wp-json\/wp\/v2\/comments?post=34016"}],"version-history":[{"count":46,"href":"https:\/\/www.stopcyberviolences.org\/es\/wp-json\/wp\/v2\/pages\/34016\/revisions"}],"predecessor-version":[{"id":34266,"href":"https:\/\/www.stopcyberviolences.org\/es\/wp-json\/wp\/v2\/pages\/34016\/revisions\/34266"}],"wp:attachment":[{"href":"https:\/\/www.stopcyberviolences.org\/es\/wp-json\/wp\/v2\/media?parent=34016"}],"curies":[{"name":"wp","href":"https:\/\/api.w.org\/{rel}","templated":true}]}}