{"id":25876,"date":"2025-01-22T15:34:16","date_gmt":"2025-01-22T14:34:16","guid":{"rendered":"https:\/\/www.stopcyberviolences.org\/rejoignez-nous\/"},"modified":"2026-01-06T19:14:16","modified_gmt":"2026-01-06T18:14:16","slug":"agiravecnous","status":"publish","type":"page","link":"https:\/\/www.stopcyberviolences.org\/es\/agiravecnous\/","title":{"rendered":"Agir avec nous"},"content":{"rendered":"<div data-elementor-type=\"wp-page\" data-elementor-id=\"25876\" class=\"elementor elementor-25876\" data-elementor-post-type=\"page\">\n\t\t\t\t<div class=\"elementor-element elementor-element-6366c34 e-flex e-con-boxed e-con e-parent\" data-id=\"6366c34\" data-element_type=\"container\">\n\t\t\t\t\t<div class=\"e-con-inner\">\n\t\t<div class=\"elementor-element elementor-element-f617768 e-con-full e-grid e-con e-child\" data-id=\"f617768\" data-element_type=\"container\" data-settings=\"{&quot;background_background&quot;:&quot;classic&quot;}\">\n\t\t<div class=\"elementor-element elementor-element-cf91d6b e-con-full e-flex e-con e-child\" data-id=\"cf91d6b\" data-element_type=\"container\">\n\t\t\t\t<div class=\"elementor-element elementor-element-783df08 elementor-widget elementor-widget-heading\" data-id=\"783df08\" data-element_type=\"widget\" data-widget_type=\"heading.default\">\n\t\t\t\t<div class=\"elementor-widget-container\">\n\t\t\t\t\t<h2 class=\"elementor-heading-title elementor-size-default\">Agir avec nous <\/h2>\t\t\t\t<\/div>\n\t\t\t\t<\/div>\n\t\t\n\t\t<div class=\"elementor-element elementor-element-4c4419f elementor-widget elementor-widget-text-editor\" data-id=\"4c4419f\" data-element_type=\"widget\" data-widget_type=\"text-editor.default\">\n\t\t\t\t<div class=\"elementor-widget-container\">\n\t\t\t\t\t\t\t\t\t<p data-path-to-node=\"2\">Ensemble, prot\u00e9geons nos enfants ! Que vous soyez une entreprise, une association ou un particulier, votre expertise et votre engagement peuvent contribuer \u00e0 r\u00e9duire l&rsquo;impact des cyberviolences sur les jeunes.<\/p>\t\t\t\t\t\t\t\t<\/div>\n\t\t\t\t<\/div>\n\t\t\t\t<\/div>\n\t\t<div class=\"elementor-element elementor-element-4e97cef e-con-full e-flex e-con e-child\" data-id=\"4e97cef\" data-element_type=\"container\">\n\t\t\t\t<div class=\"elementor-element elementor-element-0a02281 elementor-widget elementor-widget-image\" data-id=\"0a02281\" data-element_type=\"widget\" data-widget_type=\"image.default\">\n\t\t\t\t<div class=\"elementor-widget-container\">\n\t\t\t\t\t\t\t\t\t\t\t\t\t\t\t<img fetchpriority=\"high\" decoding=\"async\" width=\"241\" height=\"245\" src=\"https:\/\/www.stopcyberviolences.org\/wp-content\/uploads\/2025\/01\/3d-student-graduation-cap-books-stack_107791-15667-Photoroom-1.png\" class=\"attachment-1536x1536 size-1536x1536 wp-image-25675\" alt=\"\" \/>\t\t\t\t\t\t\t\t\t\t\t\t\t\t\t<\/div>\n\t\t\t\t<\/div>\n\t\t\t\t<\/div>\n\t\t\t\t<\/div>\n\t\t\t\t\t<\/div>\n\t\t\t\t<\/div>\n\t\t<div class=\"elementor-element elementor-element-95a0ff1 e-flex e-con-boxed e-con e-parent\" data-id=\"95a0ff1\" data-element_type=\"container\">\n\t\t\t\t\t<div class=\"e-con-inner\">\n\t\t\t\t<div class=\"elementor-element elementor-element-e39efa6 elementor-widget elementor-widget-text-editor\" data-id=\"e39efa6\" data-element_type=\"widget\" data-widget_type=\"text-editor.default\">\n\t\t\t\t<div class=\"elementor-widget-container\">\n\t\t\t\t\t\t\t\t\t<p style=\"text-align: left;\"><strong>Comment contribuer ?<\/strong><\/p><ul><li style=\"text-align: left;\" data-path-to-node=\"5,0,0\"><b data-path-to-node=\"5,0,0\" data-index-in-node=\"0\">B\u00e9n\u00e9volat et m\u00e9c\u00e9nat de comp\u00e9tences :<\/b> Mettez vos talents (tech, juridique, communication, p\u00e9dagogie) au service de la protection des jeunes.<\/li><li style=\"text-align: left;\" data-path-to-node=\"5,1,0\"><b data-path-to-node=\"5,1,0\" data-index-in-node=\"0\">Partenariats associatifs :<\/b> Unissons nos forces et nos ressources pour d\u00e9ployer des solutions concr\u00e8tes pour aider les jeunes et les familles.<\/li><li style=\"text-align: left;\" data-path-to-node=\"5,3,0\"><b data-path-to-node=\"5,3,0\" data-index-in-node=\"0\">Soutien financier :<\/b> Participez au d\u00e9veloppement de nos solutions innovantes pour augmenter notre impact.<\/li><\/ul><p style=\"text-align: left;\"><b data-path-to-node=\"6\" data-index-in-node=\"0\">Pr\u00eat(e) \u00e0 faire la diff\u00e9rence ?<\/b><\/p>\t\t\t\t\t\t\t\t<\/div>\n\t\t\t\t<\/div>\n\t\t\t\t<div class=\"elementor-element elementor-element-9d6ff41 elementor-widget elementor-widget-shortcode\" data-id=\"9d6ff41\" data-element_type=\"widget\" data-widget_type=\"shortcode.default\">\n\t\t\t\t<div class=\"elementor-widget-container\">\n\t\t\t\t\t\t\t<div class=\"elementor-shortcode\">\n<div class=\"wpcf7 no-js\" id=\"wpcf7-f40-o1\" lang=\"fr-FR\" dir=\"ltr\" data-wpcf7-id=\"40\">\n<div class=\"screen-reader-response\"><p role=\"status\" aria-live=\"polite\" aria-atomic=\"true\"><\/p> <ul><\/ul><\/div>\n<form action=\"\/es\/wp-json\/wp\/v2\/pages\/25876#wpcf7-f40-o1\" method=\"post\" class=\"wpcf7-form init\" aria-label=\"Formulaire de contact\" novalidate=\"novalidate\" data-status=\"init\" data-trp-original-action=\"\/es\/wp-json\/wp\/v2\/pages\/25876#wpcf7-f40-o1\">\n<fieldset class=\"hidden-fields-container\"><input type=\"hidden\" name=\"_wpcf7\" value=\"40\" \/><input type=\"hidden\" name=\"_wpcf7_version\" value=\"6.1.5\" \/><input type=\"hidden\" name=\"_wpcf7_locale\" value=\"fr_FR\" \/><input type=\"hidden\" name=\"_wpcf7_unit_tag\" value=\"wpcf7-f40-o1\" \/><input type=\"hidden\" name=\"_wpcf7_container_post\" value=\"0\" \/><input type=\"hidden\" name=\"_wpcf7_posted_data_hash\" value=\"\" \/><input type=\"hidden\" name=\"_wpcf7cf_hidden_group_fields\" value=\"[]\" \/><input type=\"hidden\" name=\"_wpcf7cf_hidden_groups\" value=\"[]\" \/><input type=\"hidden\" name=\"_wpcf7cf_visible_groups\" value=\"[]\" \/><input type=\"hidden\" name=\"_wpcf7cf_repeaters\" value=\"[]\" \/><input type=\"hidden\" name=\"_wpcf7cf_steps\" value=\"{}\" \/><input type=\"hidden\" name=\"_wpcf7cf_options\" value=\"{&quot;form_id&quot;:40,&quot;conditions&quot;:[],&quot;settings&quot;:{&quot;animation&quot;:&quot;yes&quot;,&quot;animation_intime&quot;:200,&quot;animation_outtime&quot;:200,&quot;conditions_ui&quot;:&quot;normal&quot;,&quot;notice_dismissed&quot;:false}}\" \/><input type=\"hidden\" name=\"_wpcf7_recaptcha_response\" value=\"\" \/>\n<\/fieldset>\n<p><label> Vos nom et pr\u00e9nom<br \/>\n<span class=\"wpcf7-form-control-wrap\" data-name=\"your-name\"><input size=\"40\" maxlength=\"400\" class=\"wpcf7-form-control wpcf7-text wpcf7-validates-as-required\" autocomplete=\"name\" aria-required=\"true\" aria-invalid=\"false\" value=\"\" type=\"text\" name=\"your-name\" \/><\/span> <\/label>\n<\/p>\n<p><label> Votre e-mail<br \/>\n<span class=\"wpcf7-form-control-wrap\" data-name=\"your-email\"><input size=\"40\" maxlength=\"400\" class=\"wpcf7-form-control wpcf7-email wpcf7-validates-as-required wpcf7-text wpcf7-validates-as-email\" autocomplete=\"email\" aria-required=\"true\" aria-invalid=\"false\" value=\"\" type=\"email\" name=\"your-email\" \/><\/span> <\/label>\n<\/p>\n<p><label> Votre message (facultatif)<br \/>\n<span class=\"wpcf7-form-control-wrap\" data-name=\"your-message\"><textarea cols=\"40\" rows=\"10\" maxlength=\"2000\" class=\"wpcf7-form-control wpcf7-textarea\" aria-invalid=\"false\" name=\"your-message\"><\/textarea><\/span> <\/label>\n<\/p>\n<p><input class=\"wpcf7-form-control wpcf7-submit has-spinner\" type=\"submit\" value=\"Envoyer\" \/>\n<\/p><div class=\"wpcf7-response-output\" aria-hidden=\"true\"><\/div>\n<input type=\"hidden\" name=\"trp-form-language\" value=\"es\"\/><\/form>\n<\/div>\n<\/div>\n\t\t\t\t\t\t<\/div>\n\t\t\t\t<\/div>\n\t\t\t\t\t<\/div>\n\t\t\t\t<\/div>\n\t\t\t\t<\/div>","protected":false},"excerpt":{"rendered":"<p>Agir avec nous Ensemble, prot\u00e9geons nos enfants ! Que vous soyez une entreprise, une association ou un particulier, votre expertise et votre engagement peuvent contribuer \u00e0 r\u00e9duire l&rsquo;impact des cyberviolences sur les jeunes. Comment contribuer ? B\u00e9n\u00e9volat et m\u00e9c\u00e9nat de comp\u00e9tences : Mettez vos talents (tech, juridique, communication, p\u00e9dagogie) au service de la protection des [&hellip;]<\/p>\n","protected":false},"author":6,"featured_media":0,"parent":0,"menu_order":2,"comment_status":"closed","ping_status":"closed","template":"","meta":{"footnotes":""},"class_list":["post-25876","page","type-page","status-publish","hentry"],"_links":{"self":[{"href":"https:\/\/www.stopcyberviolences.org\/es\/wp-json\/wp\/v2\/pages\/25876","targetHints":{"allow":["GET"]}}],"collection":[{"href":"https:\/\/www.stopcyberviolences.org\/es\/wp-json\/wp\/v2\/pages"}],"about":[{"href":"https:\/\/www.stopcyberviolences.org\/es\/wp-json\/wp\/v2\/types\/page"}],"author":[{"embeddable":true,"href":"https:\/\/www.stopcyberviolences.org\/es\/wp-json\/wp\/v2\/users\/6"}],"replies":[{"embeddable":true,"href":"https:\/\/www.stopcyberviolences.org\/es\/wp-json\/wp\/v2\/comments?post=25876"}],"version-history":[{"count":16,"href":"https:\/\/www.stopcyberviolences.org\/es\/wp-json\/wp\/v2\/pages\/25876\/revisions"}],"predecessor-version":[{"id":42294,"href":"https:\/\/www.stopcyberviolences.org\/es\/wp-json\/wp\/v2\/pages\/25876\/revisions\/42294"}],"wp:attachment":[{"href":"https:\/\/www.stopcyberviolences.org\/es\/wp-json\/wp\/v2\/media?parent=25876"}],"curies":[{"name":"wp","href":"https:\/\/api.w.org\/{rel}","templated":true}]}}