
{"id":41574,"date":"2025-10-10T12:59:09","date_gmt":"2025-10-10T10:59:09","guid":{"rendered":"https:\/\/www.stopcyberviolences.org\/?page_id=41574"},"modified":"2025-10-30T18:12:23","modified_gmt":"2025-10-30T17:12:23","slug":"se-connecter","status":"publish","type":"page","link":"https:\/\/www.stopcyberviolences.org\/en-us\/se-connecter\/","title":{"rendered":"Login"},"content":{"rendered":"\t\t<div data-elementor-type=\"wp-page\" data-elementor-id=\"41574\" class=\"elementor elementor-41574\" data-elementor-post-type=\"page\">\n\t\t\t\t<div class=\"elementor-element elementor-element-18f7a89 e-grid e-con-full e-con e-parent\" data-id=\"18f7a89\" data-element_type=\"container\" data-e-type=\"container\">\n\t\t<div class=\"elementor-element elementor-element-7ff0aab e-con-full e-flex e-con e-child\" data-id=\"7ff0aab\" data-element_type=\"container\" data-e-type=\"container\" data-settings=\"{&quot;background_background&quot;:&quot;classic&quot;}\">\n\t\t<div class=\"elementor-element elementor-element-1258115 e-con-full elementor-hidden-tablet elementor-hidden-mobile e-flex e-con e-child\" data-id=\"1258115\" data-element_type=\"container\" data-e-type=\"container\">\n\t\t\t\t<div class=\"elementor-element elementor-element-12291ac elementor-widget elementor-widget-theme-site-logo elementor-widget-image\" data-id=\"12291ac\" data-element_type=\"widget\" data-e-type=\"widget\" data-widget_type=\"theme-site-logo.default\">\n\t\t\t\t<div class=\"elementor-widget-container\">\n\t\t\t\t\t\t\t\t\t\t\t<a href=\"https:\/\/www.stopcyberviolences.org\/en-us\">\n\t\t\t<img decoding=\"async\" src=\"https:\/\/www.stopcyberviolences.org\/wp-content\/uploads\/elementor\/thumbs\/cropped-cropped-Logo-Stop-Cyberviolences-HD-r0se4ynukcgh0wbe73w8u85kccmk0xgy21thcvu220.png\" title=\"cropped-cropped-Logo-Stop-Cyberviolences-HD.png\" alt=\"cropped-cropped-Logo-Stop-Cyberviolences-HD.png\" loading=\"lazy\" \/>\t\t\t\t<\/a>\n\t\t\t\t\t\t\t\t\t\t\t<\/div>\n\t\t\t\t<\/div>\n\t\t\t\t<div class=\"elementor-element elementor-element-b682128 elementor-widget elementor-widget-heading\" data-id=\"b682128\" data-element_type=\"widget\" data-e-type=\"widget\" data-widget_type=\"heading.default\">\n\t\t\t\t<div class=\"elementor-widget-container\">\n\t\t\t\t\t<h2 class=\"elementor-heading-title elementor-size-default\">StopCyberviolences<\/h2>\t\t\t\t<\/div>\n\t\t\t\t<\/div>\n\t\t\t\t<\/div>\n\t\t\t\t<div class=\"elementor-element elementor-element-9d81b04 elementor-widget elementor-widget-image\" data-id=\"9d81b04\" data-element_type=\"widget\" data-e-type=\"widget\" data-widget_type=\"image.default\">\n\t\t\t\t<div class=\"elementor-widget-container\">\n\t\t\t\t\t\t\t\t\t\t\t\t\t\t\t<img fetchpriority=\"high\" decoding=\"async\" width=\"515\" height=\"625\" src=\"https:\/\/www.stopcyberviolences.org\/wp-content\/uploads\/2025\/02\/Group-529.png\" class=\"attachment-large size-large wp-image-27242\" alt=\"\" srcset=\"https:\/\/www.stopcyberviolences.org\/wp-content\/uploads\/2025\/02\/Group-529.png 515w, https:\/\/www.stopcyberviolences.org\/wp-content\/uploads\/2025\/02\/Group-529-247x300.png 247w\" sizes=\"(max-width: 515px) 100vw, 515px\" \/>\t\t\t\t\t\t\t\t\t\t\t\t\t\t\t<\/div>\n\t\t\t\t<\/div>\n\t\t\t\t<\/div>\n\t\t<div class=\"elementor-element elementor-element-8ab143d e-con-full e-flex e-con e-child\" data-id=\"8ab143d\" data-element_type=\"container\" data-e-type=\"container\">\n\t\t<div class=\"elementor-element elementor-element-0e159e5 e-con-full e-flex e-con e-child\" data-id=\"0e159e5\" data-element_type=\"container\" data-e-type=\"container\">\n\t\t\t\t<div class=\"elementor-element elementor-element-2574632 elementor-widget elementor-widget-heading\" data-id=\"2574632\" data-element_type=\"widget\" data-e-type=\"widget\" data-widget_type=\"heading.default\">\n\t\t\t\t<div class=\"elementor-widget-container\">\n\t\t\t\t\t<h2 class=\"elementor-heading-title elementor-size-default\">Connexion<\/h2>\t\t\t\t<\/div>\n\t\t\t\t<\/div>\n\t\t<div class=\"elementor-element elementor-element-a76a5f6 e-con-full e-flex e-con e-child\" data-id=\"a76a5f6\" data-element_type=\"container\" data-e-type=\"container\" data-settings=\"{&quot;background_background&quot;:&quot;classic&quot;}\">\n\t\t<div class=\"elementor-element elementor-element-0170fd6 e-con-full e-flex e-con e-child\" data-id=\"0170fd6\" data-element_type=\"container\" data-e-type=\"container\" data-settings=\"{&quot;background_background&quot;:&quot;classic&quot;}\">\n\t\t\t\t<div class=\"elementor-element elementor-element-4a19364 elementor-widget__width-initial elementor-widget elementor-widget-shortcode\" data-id=\"4a19364\" data-element_type=\"widget\" data-e-type=\"widget\" data-widget_type=\"shortcode.default\">\n\t\t\t\t<div class=\"elementor-widget-container\">\n\t\t\t\t\t\t\t\t<script>\n\t\t\t\tdocument.addEventListener(\"DOMContentLoaded\", function () {\n                    jQuery(\".mo_btn-mo\").prop(\"disabled\",false);\n                    });\n\t\t\t<\/script>\n\t\t\t\t\t<script type=\"text\/javascript\">\n\t\t\tdocument.addEventListener(\"DOMContentLoaded\", function () {\n                jQuery(document).ready(function () {\n                jQuery(\".login-button\").css(\"cursor\", \"pointer\");\n            });\n                            });\n\t\t\tfunction mo_openid_on_consent_change(checkbox){\n\t\t\t\tif (! checkbox.checked) {\n\t\t\t\t\tjQuery('#mo_openid_consent_checkbox').val(1);\n\t\t\t\t\tjQuery(\".mo_btn-mo\").attr(\"disabled\", true);\n\t\t\t\t\tjQuery(\".login-button\").addClass(\"dis\");\n\t\t\t\t} else {\n\t\t\t\t\tjQuery('#mo_openid_consent_checkbox').val(0);\n\t\t\t\t\tjQuery(\".mo_btn-mo\").attr(\"disabled\", false);\n\t\t\t\t\tjQuery(\".login-button\").removeClass(\"dis\");\n\t\t\t\t}\n\t\t\t}\n\n\t\t\tvar perfEntries = performance.getEntriesByType(\"navigation\");\n\n\t\t\tif (perfEntries[0].type === \"back_forward\") {\n\t\t\t\tlocation.reload(true);\n\t\t\t}\n\t\t\tfunction HandlePopupResult(result) {\n\t\t\t\twindow.location = \"https:\/\/www.stopcyberviolences.org\";\n\t\t\t}\n\t\t\tfunction moOpenIdLogin(app_name,is_custom_app) {\n\t\t\t\tvar current_url = window.location.href;\n\t\t\t\tvar cookie_name = \"redirect_current_url\";\n\t\t\t\tvar d = new Date();\n\t\t\t\td.setTime(d.getTime() + (2 * 24 * 60 * 60 * 1000));\n\t\t\t\tvar expires = \"expires=\"+d.toUTCString();\n\t\t\t\tdocument.cookie = cookie_name + \"=\" + current_url + \";\" + expires + \";path=\/\";\n\n\t\t\t\t\t\t\t\tvar base_url = 'https:\/\/www.stopcyberviolences.org';\n\t\t\t\tvar request_uri = '\/en-us\/wp-json\/wp\/v2\/pages\/41574';\n\t\t\t\tvar http = 'https:\/\/';\n\t\t\t\tvar http_host = 'www.stopcyberviolences.org';\n\t\t\t\tvar default_nonce = '0955a9b070';\n\t\t\t\tvar custom_nonce = '7c31125aed';\n\t\t\t\tif(is_custom_app == 'false'){\n\t\t\t\t\tif ( request_uri.indexOf('wp-login.php') !=-1){\n\t\t\t\t\t\tvar redirect_url = base_url + '\/?option=getmosociallogin&wp_nonce=' + default_nonce + '&app_name=';\n\n\t\t\t\t\t}else {\n\t\t\t\t\t\tvar redirect_url = http + http_host + request_uri;\n\t\t\t\t\t\tif(redirect_url.indexOf('?') != -1){\n\t\t\t\t\t\t\tredirect_url = redirect_url +'&option=getmosociallogin&wp_nonce=' + default_nonce + '&app_name=';\n\t\t\t\t\t\t}\n\t\t\t\t\t\telse\n\t\t\t\t\t\t{\n\t\t\t\t\t\t\tredirect_url = redirect_url +'?option=getmosociallogin&wp_nonce=' + default_nonce + '&app_name=';\n\t\t\t\t\t\t}\n\t\t\t\t\t}\n\n\t\t\t\t}\n\t\t\t\telse {\n\t\t\t\t\tif ( request_uri.indexOf('wp-login.php') !=-1){\n\t\t\t\t\t\tvar redirect_url = base_url + '\/?option=oauthredirect&wp_nonce=' + custom_nonce + '&app_name=';\n\n\n\t\t\t\t\t}else {\n\t\t\t\t\t\tvar redirect_url = http + http_host + request_uri;\n\t\t\t\t\t\tif(redirect_url.indexOf('?') != -1)\n\t\t\t\t\t\t\tredirect_url = redirect_url +'&option=oauthredirect&wp_nonce=' + custom_nonce + '&app_name=';\n\t\t\t\t\t\telse\n\t\t\t\t\t\t\tredirect_url = redirect_url +'?option=oauthredirect&wp_nonce=' + custom_nonce + '&app_name=';\n\t\t\t\t\t}\n\n\t\t\t\t}\n\t\t\t\tif( 0) {\n\t\t\t\t\tvar myWindow = window.open(redirect_url + app_name, \"\", \"width=700,height=620\");\n\t\t\t\t}\n\t\t\t\telse{\n\t\t\t\t\twindow.location.href = redirect_url + app_name;\n\t\t\t\t}\n\t\t\t}\n\t\t<\/script>\n\t\t\t\t<div class=\"elementor-shortcode\"><div class='mo-openid-app-icons'>\n\t\t\t\t\t <p style='color:#000000; width: fit-content;'> <\/p><\/div> <br><\/div>\n\t\t\t\t\t\t<\/div>\n\t\t\t\t<\/div>\n\t\t\t\t<div class=\"elementor-element elementor-element-12e6b6f elementor-widget-divider--view-line_text elementor-widget-divider--element-align-center elementor-widget elementor-widget-divider\" data-id=\"12e6b6f\" data-element_type=\"widget\" data-e-type=\"widget\" data-widget_type=\"divider.default\">\n\t\t\t\t<div class=\"elementor-widget-container\">\n\t\t\t\t\t\t\t<div class=\"elementor-divider\">\n\t\t\t<span class=\"elementor-divider-separator\">\n\t\t\t\t\t\t\t<span class=\"elementor-divider__text elementor-divider__element\">\n\t\t\t\tOU\t\t\t\t<\/span>\n\t\t\t\t\t\t<\/span>\n\t\t<\/div>\n\t\t\t\t\t\t<\/div>\n\t\t\t\t<\/div>\n\t\t<div class=\"elementor-element elementor-element-7ad18a1 e-con-full e-flex e-con e-child\" data-id=\"7ad18a1\" data-element_type=\"container\" data-e-type=\"container\" data-settings=\"{&quot;background_background&quot;:&quot;classic&quot;}\">\n\t\t<div class=\"elementor-element elementor-element-ec9203d e-con-full e-flex e-con e-child\" data-id=\"ec9203d\" data-element_type=\"container\" data-e-type=\"container\" data-settings=\"{&quot;background_background&quot;:&quot;classic&quot;}\">\n\t\t\t\t<div class=\"elementor-element elementor-element-a6816ad elementor-widget__width-auto custom-login elementor-widget elementor-widget-wppb-login\" data-id=\"a6816ad\" data-element_type=\"widget\" data-e-type=\"widget\" data-widget_type=\"wppb-login.default\">\n\t\t\t\t<div class=\"elementor-widget-container\">\n\t\t\t\t\t<div class=\"wppb-login-form-widget\"><div id=\"wppb-login-wrap\" class=\"wppb-user-forms\">\n\t\t<form name=\"wppb-loginform\" id=\"wppb-loginform\" class=\"\" action=\"https:\/\/www.stopcyberviolences.org\/en-us\/wp-json\/wp\/v2\/pages\/41574\" method=\"post\">\n\t\t\t\n\t\t\t<p class=\"wppb-form-field login-username pbpl-class\">\n\t\t\t\t<label for=\"wppb_user_login\">Email<\/label>\n\t\t\t\t<input type=\"email\" name=\"log\" id=\"wppb_user_login\" class=\"input\" value=\"\" size=\"20\" \/>\n\t\t\t<\/p>\n\t\t\t<p class=\"wppb-form-field login-password pbpl-class\">\n\t\t\t\t<label for=\"wppb_user_pass\">Mot de passe<\/label>\n\t\t\t\t<span class=\"wppb-password-field-container\">\n\t\t\t\t    <input type=\"password\" name=\"pwd\" id=\"wppb_user_pass\" class=\"input\" value=\"\" size=\"20\" \/>\n\t\t\t\t     <!-- add the HTML for the visibility toggle -->\n\t\t\t\t<\/span>\n            <\/p>\n\t\t\t\n\t\t\t<div class=\"wppb-form-field wppb-recaptcha wppb-recaptcha-v3\"><div id=\"wppb-recaptcha-element-pb_login1\" class=\"wppb-recaptcha-element wppb-v3-recaptcha\"><input type=\"hidden\" name=\"g-recaptcha-response\" class=\"g-recaptcha-response wppb-v3-recaptcha\"><\/div><input type=\"hidden\" name=\"wppb-recaptcha-v3\" value=\"1\"><\/div>\n\t\t\t<p class=\"wppb-form-field login-remember\"><input name=\"rememberme\" type=\"checkbox\" id=\"rememberme\" value=\"forever\" \/><label for=\"rememberme\">Se souvenir de moi<\/label><\/p>\n\t\t\t<p class=\"login-submit form-submit\">\n\t\t\t\t<input type=\"submit\" name=\"wp-submit\" id=\"wppb-submit\" class=\"button button-primary\" value=\"Se connecter\" disabled=\"disabled\"\" \/>\n\t\t\t\t<input type=\"hidden\" name=\"redirect_to\" value=\"https:\/\/www.stopcyberviolences.org\/en-us\/outils\/\" \/>\n\t\t\t<\/p>\n\t\t\t<input type=\"hidden\" name=\"wppb_login\" value=\"true\"\/>\n\t\t\t<input type=\"hidden\" name=\"wppb_form_location\" value=\"widget\"\/>\n\t\t\t<input type=\"hidden\" name=\"wppb_request_url\" value=\"https:\/\/www.stopcyberviolences.org\/en-us\/wp-json\/wp\/v2\/pages\/41574\"\/>\n\t\t\t<input type=\"hidden\" name=\"wppb_lostpassword_url\" value=\"https:\/\/www.stopcyberviolences.org\/en-us\/recuperer-lacces\/\"\/>\n\t\t\t<input type=\"hidden\" name=\"wppb_redirect_priority\" value=\"normal\"\/>\n\t\t\t<input type=\"hidden\" name=\"wppb_referer_url\" value=\"\"\/>\n\t\t\t<input type=\"hidden\" id=\"CSRFToken-wppb\" name=\"CSRFToken-wppb\" value=\"8f1f84f9b6\" \/><input type=\"hidden\" name=\"_wp_http_referer\" value=\"\/en-us\/wp-json\/wp\/v2\/pages\/41574\" \/>\n\t\t\t<input type=\"hidden\" name=\"wppb_redirect_check\" value=\"true\"\/>\n\t\t\t\n\t\t<\/form><script>window.onload = function() { jQuery(document).ready(function($) { $(\"input[name=\\\"log\\\"]\").on(\"keyup\", function() { $(this).val( $.trim($(this).val()) ); }); }); }<\/script><p class=\"login-register-lost-password\"><a class=\"login-lost-password\" href=\"https:\/\/www.stopcyberviolences.org\/en-us\/recuperer-lacces\/\">Mot de passe oubli\u00e9 ?<\/a><\/p><\/div><\/div>\t\t\t\t<\/div>\n\t\t\t\t<\/div>\n\t\t\t\t<\/div>\n\t\t\t\t<\/div>\n\t\t\t\t<\/div>\n\t\t\t\t<\/div>\n\t\t\t\t<\/div>\n\t\t<div class=\"elementor-element elementor-element-8fbaa97 e-grid e-con-full e-con e-child\" data-id=\"8fbaa97\" data-element_type=\"container\" data-e-type=\"container\">\n\t\t\t\t<div class=\"elementor-element elementor-element-68bf3dd elementor-align-center elementor-widget elementor-widget-button\" data-id=\"68bf3dd\" data-element_type=\"widget\" data-e-type=\"widget\" data-widget_type=\"button.default\">\n\t\t\t\t<div class=\"elementor-widget-container\">\n\t\t\t\t\t\t\t\t\t<div class=\"elementor-button-wrapper\">\n\t\t\t\t\t<a class=\"elementor-button elementor-button-link elementor-size-sm\" href=\"https:\/\/www.stopcyberviolences.org\/sinscrire#inscription\">\n\t\t\t\t\t\t<span class=\"elementor-button-content-wrapper\">\n\t\t\t\t\t\t\t\t\t<span class=\"elementor-button-text\">Je cr\u00e9e mon compte<\/span>\n\t\t\t\t\t<\/span>\n\t\t\t\t\t<\/a>\n\t\t\t\t<\/div>\n\t\t\t\t\t\t\t\t<\/div>\n\t\t\t\t<\/div>\n\t\t\t\t<\/div>\n\t\t\t\t<div class=\"elementor-element elementor-element-5b351bb elementor-widget elementor-widget-spacer\" data-id=\"5b351bb\" data-element_type=\"widget\" data-e-type=\"widget\" data-widget_type=\"spacer.default\">\n\t\t\t\t<div class=\"elementor-widget-container\">\n\t\t\t\t\t\t\t<div class=\"elementor-spacer\">\n\t\t\t<div class=\"elementor-spacer-inner\"><\/div>\n\t\t<\/div>\n\t\t\t\t\t\t<\/div>\n\t\t\t\t<\/div>\n\t\t\t\t<\/div>\n\t\t\t\t<\/div>\n\t\t<div class=\"elementor-element elementor-element-b8bf609 e-flex e-con-boxed e-con e-parent\" data-id=\"b8bf609\" data-element_type=\"container\" data-e-type=\"container\">\n\t\t\t\t\t<div class=\"e-con-inner\">\n\t\t\t\t\t<\/div>\n\t\t\t\t<\/div>\n\t\t\t\t<\/div>\n\t\t","protected":false},"excerpt":{"rendered":"<p>StopCyberviolences Connexion OU You are currently logged in as admin@centresrelier.org. Log out &raquo; Je cr\u00e9e mon compte Vous \u00eates connect\u00e9(e)&#8230; Que souhaitez-vous faire ? Voir mes outils Me d\u00e9sabonner<\/p>","protected":false},"author":142,"featured_media":0,"parent":0,"menu_order":9,"comment_status":"closed","ping_status":"closed","template":"","meta":{"footnotes":""},"class_list":["post-41574","page","type-page","status-publish","hentry"],"_links":{"self":[{"href":"https:\/\/www.stopcyberviolences.org\/en-us\/wp-json\/wp\/v2\/pages\/41574","targetHints":{"allow":["GET"]}}],"collection":[{"href":"https:\/\/www.stopcyberviolences.org\/en-us\/wp-json\/wp\/v2\/pages"}],"about":[{"href":"https:\/\/www.stopcyberviolences.org\/en-us\/wp-json\/wp\/v2\/types\/page"}],"author":[{"embeddable":true,"href":"https:\/\/www.stopcyberviolences.org\/en-us\/wp-json\/wp\/v2\/users\/142"}],"replies":[{"embeddable":true,"href":"https:\/\/www.stopcyberviolences.org\/en-us\/wp-json\/wp\/v2\/comments?post=41574"}],"version-history":[{"count":224,"href":"https:\/\/www.stopcyberviolences.org\/en-us\/wp-json\/wp\/v2\/pages\/41574\/revisions"}],"predecessor-version":[{"id":42061,"href":"https:\/\/www.stopcyberviolences.org\/en-us\/wp-json\/wp\/v2\/pages\/41574\/revisions\/42061"}],"wp:attachment":[{"href":"https:\/\/www.stopcyberviolences.org\/en-us\/wp-json\/wp\/v2\/media?parent=41574"}],"curies":[{"name":"wp","href":"https:\/\/api.w.org\/{rel}","templated":true}]}}