{"id":25909,"date":"2025-01-22T16:15:57","date_gmt":"2025-01-22T15:15:57","guid":{"rendered":"https:\/\/www.stopcyberviolences.org\/les-ateliers-dapprofondissement\/"},"modified":"2025-12-04T15:58:29","modified_gmt":"2025-12-04T14:58:29","slug":"les-ateliers-dapprofondissement","status":"publish","type":"page","link":"https:\/\/www.stopcyberviolences.org\/en-us\/les-ateliers-dapprofondissement\/","title":{"rendered":"Les ateliers d&rsquo;approfondissement"},"content":{"rendered":"<div data-elementor-type=\"wp-page\" data-elementor-id=\"25909\" class=\"elementor elementor-25909\" data-elementor-post-type=\"page\">\n\t\t\t\t<div class=\"elementor-element elementor-element-346566b6 e-flex e-con-boxed e-con e-parent\" data-id=\"346566b6\" data-element_type=\"container\" data-e-type=\"container\">\n\t\t\t\t\t<div class=\"e-con-inner\">\n\t\t<div class=\"elementor-element elementor-element-40f66dd8 e-con-full e-grid e-con e-child\" data-id=\"40f66dd8\" data-element_type=\"container\" data-e-type=\"container\" data-settings=\"{&quot;background_background&quot;:&quot;classic&quot;}\">\n\t\t<div class=\"elementor-element elementor-element-35c458f0 e-con-full e-flex e-con e-child\" data-id=\"35c458f0\" data-element_type=\"container\" data-e-type=\"container\">\n\t\t\t\t<div class=\"elementor-element elementor-element-7db229bb elementor-widget elementor-widget-heading\" data-id=\"7db229bb\" data-element_type=\"widget\" data-e-type=\"widget\" data-widget_type=\"heading.default\">\n\t\t\t\t<div class=\"elementor-widget-container\">\n\t\t\t\t\t<h2 class=\"elementor-heading-title elementor-size-default\">Advanced workshops<\/h2>\t\t\t\t<\/div>\n\t\t\t\t<\/div>\n\t\t\n\t\t<div class=\"elementor-element elementor-element-47c7471b elementor-widget elementor-widget-text-editor\" data-id=\"47c7471b\" data-element_type=\"widget\" data-e-type=\"widget\" data-widget_type=\"text-editor.default\">\n\t\t\t\t<div class=\"elementor-widget-container\">\n\t\t\t\t\t\t\t\t\t<p>Led by a specialized instructor, this workshop provides a unique space for exchange and interaction. It offers participants the opportunity to actively engage, ask questions, and share their reflections on the explored topics. With an interactive and personalized approach, the workshop deepens knowledge, clarifies key concepts, and strengthens understanding through discussions and practical exercises.<\/p>\t\t\t\t\t\t\t\t<\/div>\n\t\t\t\t<\/div>\n\t\t\t\t<\/div>\n\t\t\t\t<div class=\"elementor-element elementor-element-a0b3246 elementor-widget elementor-widget-image\" data-id=\"a0b3246\" data-element_type=\"widget\" data-e-type=\"widget\" data-widget_type=\"image.default\">\n\t\t\t\t<div class=\"elementor-widget-container\">\n\t\t\t\t\t\t\t\t\t\t\t\t\t\t\t<img fetchpriority=\"high\" decoding=\"async\" width=\"428\" height=\"365\" src=\"https:\/\/www.stopcyberviolences.org\/wp-content\/uploads\/2025\/01\/Group-501.png\" class=\"attachment-large size-large wp-image-25684\" alt=\"\" srcset=\"https:\/\/www.stopcyberviolences.org\/wp-content\/uploads\/2025\/01\/Group-501.png 428w, https:\/\/www.stopcyberviolences.org\/wp-content\/uploads\/2025\/01\/Group-501-300x256.png 300w\" sizes=\"(max-width: 428px) 100vw, 428px\" \/>\t\t\t\t\t\t\t\t\t\t\t\t\t\t\t<\/div>\n\t\t\t\t<\/div>\n\t\t\t\t<\/div>\n\t\t\t\t\t<\/div>\n\t\t\t\t<\/div>\n\t\t<div class=\"elementor-element elementor-element-1c68175 e-flex e-con-boxed e-con e-parent\" data-id=\"1c68175\" data-element_type=\"container\" data-e-type=\"container\">\n\t\t\t\t\t<div class=\"e-con-inner\">\n\t\t\t\t<div class=\"elementor-element elementor-element-03d8709 elementor-widget elementor-widget-text-editor\" data-id=\"03d8709\" data-element_type=\"widget\" data-e-type=\"widget\" data-widget_type=\"text-editor.default\">\n\t\t\t\t<div class=\"elementor-widget-container\">\n\t\t\t\t\t\t\t\t\t<h3>Il faut \u00eatre authentifi\u00e9 pour acc\u00e9der \u00e0 ces contenus.<\/h3>\t\t\t\t\t\t\t\t<\/div>\n\t\t\t\t<\/div>\n\t\t\t\t\t<\/div>\n\t\t\t\t<\/div>\n\t\t\t\t<\/div>","protected":false},"excerpt":{"rendered":"<p>Ateliers d&rsquo;approfondissement Anim\u00e9 par un intervenant sp\u00e9cialis\u00e9, cet atelier constitue un espace privil\u00e9gi\u00e9 d\u2019\u00e9change et d\u2019interaction. Il offre aux participants l\u2019opportunit\u00e9 de s\u2019impliquer activement, de poser leurs questions, et de partager leurs r\u00e9flexions autour des th\u00e9matiques explor\u00e9es. Gr\u00e2ce \u00e0 une approche interactive et personnalis\u00e9e, cet atelier permet d\u2019approfondir les connaissances, de clarifier les concepts cl\u00e9s [&hellip;]<\/p>\n","protected":false},"author":6,"featured_media":0,"parent":0,"menu_order":11,"comment_status":"closed","ping_status":"closed","template":"","meta":{"footnotes":""},"class_list":["post-25909","page","type-page","status-publish","hentry"],"_links":{"self":[{"href":"https:\/\/www.stopcyberviolences.org\/en-us\/wp-json\/wp\/v2\/pages\/25909","targetHints":{"allow":["GET"]}}],"collection":[{"href":"https:\/\/www.stopcyberviolences.org\/en-us\/wp-json\/wp\/v2\/pages"}],"about":[{"href":"https:\/\/www.stopcyberviolences.org\/en-us\/wp-json\/wp\/v2\/types\/page"}],"author":[{"embeddable":true,"href":"https:\/\/www.stopcyberviolences.org\/en-us\/wp-json\/wp\/v2\/users\/6"}],"replies":[{"embeddable":true,"href":"https:\/\/www.stopcyberviolences.org\/en-us\/wp-json\/wp\/v2\/comments?post=25909"}],"version-history":[{"count":39,"href":"https:\/\/www.stopcyberviolences.org\/en-us\/wp-json\/wp\/v2\/pages\/25909\/revisions"}],"predecessor-version":[{"id":42236,"href":"https:\/\/www.stopcyberviolences.org\/en-us\/wp-json\/wp\/v2\/pages\/25909\/revisions\/42236"}],"wp:attachment":[{"href":"https:\/\/www.stopcyberviolences.org\/en-us\/wp-json\/wp\/v2\/media?parent=25909"}],"curies":[{"name":"wp","href":"https:\/\/api.w.org\/{rel}","templated":true}]}}