{"id":25882,"date":"2025-01-22T15:34:16","date_gmt":"2025-01-22T14:34:16","guid":{"rendered":"https:\/\/www.stopcyberviolences.org\/a-propos\/"},"modified":"2026-04-22T15:47:16","modified_gmt":"2026-04-22T13:47:16","slug":"soutenez-nous","status":"publish","type":"page","link":"https:\/\/www.stopcyberviolences.org\/en-us\/soutenez-nous\/","title":{"rendered":"Soutenez-nous"},"content":{"rendered":"<div data-elementor-type=\"wp-page\" data-elementor-id=\"25882\" class=\"elementor elementor-25882\" data-elementor-post-type=\"page\">\n\t\t\t\t<div class=\"elementor-element elementor-element-4123d942 e-flex e-con-boxed e-con e-parent\" data-id=\"4123d942\" data-element_type=\"container\" data-e-type=\"container\">\n\t\t\t\t\t<div class=\"e-con-inner\">\n\t\t\t\t<div class=\"elementor-element elementor-element-4e01abea elementor-widget elementor-widget-image\" data-id=\"4e01abea\" data-element_type=\"widget\" data-e-type=\"widget\" data-widget_type=\"image.default\">\n\t\t\t\t<div class=\"elementor-widget-container\">\n\t\t\t\t\t\t\t\t\t\t\t\t\t\t\t<img fetchpriority=\"high\" decoding=\"async\" width=\"300\" height=\"300\" src=\"https:\/\/www.stopcyberviolences.org\/wp-content\/uploads\/2025\/07\/Soutenez-Stop-Cyberviolences-300x300.png\" class=\"attachment-medium size-medium wp-image-38300\" alt=\"\" srcset=\"https:\/\/www.stopcyberviolences.org\/wp-content\/uploads\/2025\/07\/Soutenez-Stop-Cyberviolences-300x300.png 300w, https:\/\/www.stopcyberviolences.org\/wp-content\/uploads\/2025\/07\/Soutenez-Stop-Cyberviolences-150x150.png 150w, https:\/\/www.stopcyberviolences.org\/wp-content\/uploads\/2025\/07\/Soutenez-Stop-Cyberviolences-12x12.png 12w, https:\/\/www.stopcyberviolences.org\/wp-content\/uploads\/2025\/07\/Soutenez-Stop-Cyberviolences.png 500w\" sizes=\"(max-width: 300px) 100vw, 300px\" \/>\t\t\t\t\t\t\t\t\t\t\t\t\t\t\t<\/div>\n\t\t\t\t<\/div>\n\t\t\t\t<div class=\"elementor-element elementor-element-5ad96ce elementor-widget elementor-widget-heading\" data-id=\"5ad96ce\" data-element_type=\"widget\" data-e-type=\"widget\" data-widget_type=\"heading.default\">\n\t\t\t\t<div class=\"elementor-widget-container\">\n\t\t\t\t\t<h2 class=\"elementor-heading-title elementor-size-default\">A Program Made Possible Thanks to Your Commitment<\/h2>\t\t\t\t<\/div>\n\t\t\t\t<\/div>\n\t\t\n\t\t<div class=\"elementor-element elementor-element-2ad424be elementor-widget elementor-widget-text-editor\" data-id=\"2ad424be\" data-element_type=\"widget\" data-e-type=\"widget\" data-widget_type=\"text-editor.default\">\n\t\t\t\t<div class=\"elementor-widget-container\">\n\t\t\t\t\t\t\t\t\t<p>The STOP Cyberviolence program exists thanks to the valuable support of businesses and organizations that trust us. Your commitment helps develop innovative resources, raise awareness among thousands of people, and make the digital world a safer space for everyone. Together, we have the power to take action for future generations.<\/p>\t\t\t\t\t\t\t\t<\/div>\n\t\t\t\t<\/div>\n\t\t\t\t\t<\/div>\n\t\t\t\t<\/div>\n\t\t<div class=\"elementor-element elementor-element-6cf0c39 e-flex e-con-boxed e-con e-parent\" data-id=\"6cf0c39\" data-element_type=\"container\" data-e-type=\"container\">\n\t\t\t\t\t<div class=\"e-con-inner\">\n\t\t\t\t<div class=\"elementor-element elementor-element-6527c27 elementor-widget elementor-widget-html\" data-id=\"6527c27\" data-element_type=\"widget\" data-e-type=\"widget\" data-widget_type=\"html.default\">\n\t\t\t\t<div class=\"elementor-widget-container\">\n\t\t\t\t\t\r\n<iframe id=\"haWidget\" allowtransparency=\"true\" scrolling=\"auto\" src=\"https:\/\/www.helloasso.com\/associations\/centres-relier\/formulaires\/3\/widget\" style=\"width: 100%; height: 900px; border: none;\"><\/iframe>\r\n\r\n\r\n \t\t\t\t<\/div>\n\t\t\t\t<\/div>\n\t\t\t\t\t<\/div>\n\t\t\t\t<\/div>\n\t\t\t\t<\/div>","protected":false},"excerpt":{"rendered":"<p>Un programme rendu possible gr\u00e2ce \u00e0 votre engagement Le programme STOP Cyberviolences existe gr\u00e2ce au soutien pr\u00e9cieux des entreprises et des organismes qui nous font confiance. Votre engagement permet de d\u00e9velopper des ressources innovantes, de sensibiliser des milliers de personnes et de faire du num\u00e9rique un espace plus s\u00fbr pour tous. Ensemble, nous avons le [&hellip;]<\/p>\n","protected":false},"author":6,"featured_media":0,"parent":0,"menu_order":8,"comment_status":"closed","ping_status":"closed","template":"","meta":{"footnotes":""},"class_list":["post-25882","page","type-page","status-publish","hentry"],"_links":{"self":[{"href":"https:\/\/www.stopcyberviolences.org\/en-us\/wp-json\/wp\/v2\/pages\/25882","targetHints":{"allow":["GET"]}}],"collection":[{"href":"https:\/\/www.stopcyberviolences.org\/en-us\/wp-json\/wp\/v2\/pages"}],"about":[{"href":"https:\/\/www.stopcyberviolences.org\/en-us\/wp-json\/wp\/v2\/types\/page"}],"author":[{"embeddable":true,"href":"https:\/\/www.stopcyberviolences.org\/en-us\/wp-json\/wp\/v2\/users\/6"}],"replies":[{"embeddable":true,"href":"https:\/\/www.stopcyberviolences.org\/en-us\/wp-json\/wp\/v2\/comments?post=25882"}],"version-history":[{"count":25,"href":"https:\/\/www.stopcyberviolences.org\/en-us\/wp-json\/wp\/v2\/pages\/25882\/revisions"}],"predecessor-version":[{"id":42611,"href":"https:\/\/www.stopcyberviolences.org\/en-us\/wp-json\/wp\/v2\/pages\/25882\/revisions\/42611"}],"wp:attachment":[{"href":"https:\/\/www.stopcyberviolences.org\/en-us\/wp-json\/wp\/v2\/media?parent=25882"}],"curies":[{"name":"wp","href":"https:\/\/api.w.org\/{rel}","templated":true}]}}