{"id":25877,"date":"2025-01-22T15:34:16","date_gmt":"2025-01-22T14:34:16","guid":{"rendered":"https:\/\/www.stopcyberviolences.org\/contact-2\/"},"modified":"2025-04-22T16:39:42","modified_gmt":"2025-04-22T14:39:42","slug":"contact","status":"publish","type":"page","link":"https:\/\/www.stopcyberviolences.org\/en-us\/contact\/","title":{"rendered":"Contact"},"content":{"rendered":"\t\t<div data-elementor-type=\"wp-page\" data-elementor-id=\"25877\" class=\"elementor elementor-25877\" data-elementor-post-type=\"page\">\n\t\t\t\t<div class=\"elementor-element elementor-element-5bcec3a e-flex e-con-boxed e-con e-parent\" data-id=\"5bcec3a\" data-element_type=\"container\" data-e-type=\"container\">\n\t\t\t\t\t<div class=\"e-con-inner\">\n\t\t<div class=\"elementor-element elementor-element-b8cc2fb e-con-full e-grid e-con e-child\" data-id=\"b8cc2fb\" data-element_type=\"container\" data-e-type=\"container\" data-settings=\"{&quot;background_background&quot;:&quot;classic&quot;}\">\n\t\t<div class=\"elementor-element elementor-element-cd84c45 e-con-full e-flex e-con e-child\" data-id=\"cd84c45\" data-element_type=\"container\" data-e-type=\"container\">\n\t\t\t\t<div class=\"elementor-element elementor-element-3cd7b09 elementor-widget elementor-widget-heading\" data-id=\"3cd7b09\" data-element_type=\"widget\" data-e-type=\"widget\" data-widget_type=\"heading.default\">\n\t\t\t\t<div class=\"elementor-widget-container\">\n\t\t\t\t\t<h2 class=\"elementor-heading-title elementor-size-default\">Contactez-nous<\/h2>\t\t\t\t<\/div>\n\t\t\t\t<\/div>\n\t\t\n\t\t<div class=\"elementor-element elementor-element-d9d1585 elementor-widget elementor-widget-text-editor\" data-id=\"d9d1585\" data-element_type=\"widget\" data-e-type=\"widget\" data-widget_type=\"text-editor.default\">\n\t\t\t\t<div class=\"elementor-widget-container\">\n\t\t\t\t\t\t\t\t\t<p>N&rsquo;h\u00e9sitez pas \u00e0 nous contacter.<\/p>\t\t\t\t\t\t\t\t<\/div>\n\t\t\t\t<\/div>\n\t\t\t\t<\/div>\n\t\t<div class=\"elementor-element elementor-element-57af996 e-con-full e-flex e-con e-child\" data-id=\"57af996\" data-element_type=\"container\" data-e-type=\"container\">\n\t\t\t\t<div class=\"elementor-element elementor-element-5d7665a elementor-widget elementor-widget-image\" data-id=\"5d7665a\" data-element_type=\"widget\" data-e-type=\"widget\" data-widget_type=\"image.default\">\n\t\t\t\t<div class=\"elementor-widget-container\">\n\t\t\t\t\t\t\t\t\t\t\t\t\t\t\t<img fetchpriority=\"high\" decoding=\"async\" width=\"241\" height=\"245\" src=\"https:\/\/www.stopcyberviolences.org\/wp-content\/uploads\/2025\/01\/3d-student-graduation-cap-books-stack_107791-15667-Photoroom-1.png\" class=\"attachment-1536x1536 size-1536x1536 wp-image-25675\" alt=\"\" \/>\t\t\t\t\t\t\t\t\t\t\t\t\t\t\t<\/div>\n\t\t\t\t<\/div>\n\t\t\t\t<\/div>\n\t\t\t\t<\/div>\n\t\t\t\t\t<\/div>\n\t\t\t\t<\/div>\n\t\t\t\t<section class=\"elementor-section elementor-top-section elementor-element elementor-element-b09e98b elementor-section-boxed elementor-section-height-default elementor-section-height-default\" data-id=\"b09e98b\" data-element_type=\"section\" data-e-type=\"section\">\n\t\t\t\t\t\t<div class=\"elementor-container elementor-column-gap-default\">\n\t\t\t\t\t<div class=\"elementor-column elementor-col-100 elementor-top-column elementor-element elementor-element-dd108d2\" data-id=\"dd108d2\" data-element_type=\"column\" data-e-type=\"column\">\n\t\t\t<div class=\"elementor-widget-wrap elementor-element-populated\">\n\t\t\t\t\t\t<div class=\"elementor-element elementor-element-5de1666 align-left elementor-widget elementor-widget-mae-contact-form-7\" data-id=\"5de1666\" data-element_type=\"widget\" data-e-type=\"widget\" data-widget_type=\"mae-contact-form-7.default\">\n\t\t\t\t<div class=\"elementor-widget-container\">\n\t\t\t\t\t<div class=\"elementor-shortcode master-cf7-0\">\n<div class=\"wpcf7 no-js\" id=\"wpcf7-f29452-o2\" lang=\"fr-FR\" dir=\"ltr\" data-wpcf7-id=\"29452\">\n<div class=\"screen-reader-response\"><p role=\"status\" aria-live=\"polite\" aria-atomic=\"true\"><\/p> <ul><\/ul><\/div>\n<form action=\"\/en-us\/wp-json\/wp\/v2\/pages\/25877#wpcf7-f29452-o2\" method=\"post\" class=\"wpcf7-form init\" aria-label=\"Formulaire de contact\" novalidate=\"novalidate\" data-status=\"init\">\n<fieldset class=\"hidden-fields-container\"><input type=\"hidden\" name=\"_wpcf7\" value=\"29452\" \/><input type=\"hidden\" name=\"_wpcf7_version\" value=\"6.1.5\" \/><input type=\"hidden\" name=\"_wpcf7_locale\" value=\"fr_FR\" \/><input type=\"hidden\" name=\"_wpcf7_unit_tag\" value=\"wpcf7-f29452-o2\" \/><input type=\"hidden\" name=\"_wpcf7_container_post\" value=\"0\" \/><input type=\"hidden\" name=\"_wpcf7_posted_data_hash\" value=\"\" \/><input type=\"hidden\" name=\"_wpcf7cf_hidden_group_fields\" value=\"[]\" \/><input type=\"hidden\" name=\"_wpcf7cf_hidden_groups\" value=\"[]\" \/><input type=\"hidden\" name=\"_wpcf7cf_visible_groups\" value=\"[]\" \/><input type=\"hidden\" name=\"_wpcf7cf_repeaters\" value=\"[]\" \/><input type=\"hidden\" name=\"_wpcf7cf_steps\" value=\"{}\" \/><input type=\"hidden\" name=\"_wpcf7cf_options\" value=\"{&quot;form_id&quot;:29452,&quot;conditions&quot;:[{&quot;then_field&quot;:&quot;interet&quot;,&quot;and_rules&quot;:[{&quot;if_field&quot;:&quot;u-interet1&quot;,&quot;operator&quot;:&quot;is empty&quot;,&quot;if_value&quot;:&quot;false&quot;}]}],&quot;settings&quot;:{&quot;animation&quot;:&quot;yes&quot;,&quot;animation_intime&quot;:200,&quot;animation_outtime&quot;:200,&quot;conditions_ui&quot;:&quot;normal&quot;,&quot;notice_dismissed&quot;:false}}\" \/><input type=\"hidden\" name=\"_wpcf7_recaptcha_response\" value=\"\" \/>\n<\/fieldset>\n<div>\n\t<p><label> Last name *<br \/>\n<span class=\"wpcf7-form-control-wrap\" data-name=\"u-nom\"><input size=\"40\" maxlength=\"400\" class=\"wpcf7-form-control wpcf7-text wpcf7-validates-as-required\" aria-required=\"true\" aria-invalid=\"false\" value=\"\" type=\"text\" name=\"u-nom\" \/><\/span> <\/label>\n\t<\/p>\n\t<p><label> First name *<br \/>\n<span class=\"wpcf7-form-control-wrap\" data-name=\"u-prenom\"><input size=\"40\" maxlength=\"400\" class=\"wpcf7-form-control wpcf7-text wpcf7-validates-as-required\" aria-required=\"true\" aria-invalid=\"false\" value=\"\" type=\"text\" name=\"u-prenom\" \/><\/span> <\/label>\n\t<\/p>\n\t<p><label> Email address *<br \/>\n<span class=\"wpcf7-form-control-wrap\" data-name=\"u-email\"><input size=\"40\" maxlength=\"400\" class=\"wpcf7-form-control wpcf7-email wpcf7-validates-as-required wpcf7-text wpcf7-validates-as-email\" autocomplete=\"email\" aria-required=\"true\" aria-invalid=\"false\" value=\"\" type=\"email\" name=\"u-email\" \/><\/span> <\/label>\n\t<\/p>\n\t<p><label> Phone *<br \/>\n<span class=\"wpcf7-form-control-wrap\" data-name=\"u-tel\"><input size=\"40\" maxlength=\"400\" class=\"wpcf7-form-control wpcf7-text wpcf7-validates-as-required\" aria-required=\"true\" aria-invalid=\"false\" value=\"\" type=\"text\" name=\"u-tel\" \/><\/span> <\/label>\n\t<\/p>\n<\/div>\n<div style=\"margin-top: 20px;\">\n\t<p><label> I am interested in<br \/>\n<span class=\"wpcf7-form-control-wrap\" data-name=\"u-interet1\"><span class=\"wpcf7-form-control wpcf7-checkbox\"><span class=\"wpcf7-list-item first last\"><label><input type=\"checkbox\" name=\"u-interet1[]\" value=\"The whole program\" \/><span class=\"wpcf7-list-item-label\">The whole program<\/span><\/label><\/span><\/span><\/span><br \/>\n<\/label>\n\t<\/p>\n\t<div data-id=\"interet\" data-orig_data_id=\"interet\"  class=\"\" data-class=\"wpcf7cf_group\">\n\t\t<p><span class=\"wpcf7-form-control-wrap\" data-name=\"u-interet\"><span class=\"wpcf7-form-control wpcf7-checkbox\"><span class=\"wpcf7-list-item first\"><label><input type=\"checkbox\" name=\"u-interet[]\" value=\"Interactive prevention videos\" \/><span class=\"wpcf7-list-item-label\">Interactive prevention videos<\/span><\/label><\/span><span class=\"wpcf7-list-item\"><label><input type=\"checkbox\" name=\"u-interet[]\" value=\"Instant alert buttons for harassment referrers and 30.18 (in France)\" \/><span class=\"wpcf7-list-item-label\">Instant alert buttons for harassment referrers and 30.18 (in France)<\/span><\/label><\/span><span class=\"wpcf7-list-item\"><label><input type=\"checkbox\" name=\"u-interet[]\" value=\"In-depth online and face-to-face workshops\" \/><span class=\"wpcf7-list-item-label\">In-depth online and face-to-face workshops<\/span><\/label><\/span><span class=\"wpcf7-list-item\"><label><input type=\"checkbox\" name=\"u-interet[]\" value=\"Specialized psychologists to support young victims\" \/><span class=\"wpcf7-list-item-label\">Specialized psychologists to support young victims<\/span><\/label><\/span><span class=\"wpcf7-list-item last\"><label><input type=\"checkbox\" name=\"u-interet[]\" value=\"Conversational agents to assist online dialog\" \/><span class=\"wpcf7-list-item-label\">Conversational agents to assist online dialog<\/span><\/label><\/span><\/span><\/span>\n\t\t<\/p>\n\t<\/div>\n\t<div>\n\t\t<div style=\"margin-top: 20px;\">\n\t\t\t<p><label><br \/>\n<span class=\"wpcf7-form-control-wrap\" data-name=\"u-message\"><textarea cols=\"40\" rows=\"10\" maxlength=\"2000\" class=\"wpcf7-form-control wpcf7-textarea\" aria-invalid=\"false\" placeholder=\"Tell us more about your interest here...\" name=\"u-message\"><\/textarea><\/span><br \/>\n<\/label>\n\t\t\t<\/p>\n\t\t<\/div>\n\t\t<div style=\"margin-top: 20px;\">\n\t\t\t<p>The information collected from this form is strictly for internal use and reserved for processing your request - <a href=\"\/politique-dutilisation-des-donnees\/\">Data use policy<\/a>.\n\t\t\t<\/p>\n\t\t<\/div>\n\t\t<div style=\"margin-top: 20px;\">\n\t\t\t<p><input class=\"wpcf7-form-control wpcf7-submit has-spinner\" type=\"submit\" value=\"Send\" \/>\n\t\t\t<\/p>\n\t\t<\/div>\n\t<\/div>\n<\/div><div class=\"wpcf7-response-output\" aria-hidden=\"true\"><\/div>\n<\/form>\n<\/div>\n<\/div>\t\t\t\t<\/div>\n\t\t\t\t<\/div>\n\t\t\t\t\t<\/div>\n\t\t<\/div>\n\t\t\t\t\t<\/div>\n\t\t<\/section>\n\t\t\t\t<\/div>\n\t\t","protected":false},"excerpt":{"rendered":"<p>Contactez-nous N&rsquo;h\u00e9sitez pas \u00e0 nous contacter. Nom * Pr\u00e9nom * Adresse email * T\u00e9l\u00e9phone * Je suis int\u00e9ress\u00e9 par L&#039;ensemble du programme Vid\u00e9os interactives de pr\u00e9ventionBoutons d&#039;alerte instantan\u00e9e vers les r\u00e9f\u00e9rents harc\u00e8lement et le 30.18Ateliers d&#039;approfondissement en ligne et en pr\u00e9sentielPsychologues sp\u00e9cialis\u00e9s pour accompagner les jeunes victimesAgents conversationnels pour assister le dialogue en ligne Les [&hellip;]<\/p>\n","protected":false},"author":6,"featured_media":0,"parent":0,"menu_order":3,"comment_status":"closed","ping_status":"closed","template":"","meta":{"footnotes":""},"class_list":["post-25877","page","type-page","status-publish","hentry"],"_links":{"self":[{"href":"https:\/\/www.stopcyberviolences.org\/en-us\/wp-json\/wp\/v2\/pages\/25877","targetHints":{"allow":["GET"]}}],"collection":[{"href":"https:\/\/www.stopcyberviolences.org\/en-us\/wp-json\/wp\/v2\/pages"}],"about":[{"href":"https:\/\/www.stopcyberviolences.org\/en-us\/wp-json\/wp\/v2\/types\/page"}],"author":[{"embeddable":true,"href":"https:\/\/www.stopcyberviolences.org\/en-us\/wp-json\/wp\/v2\/users\/6"}],"replies":[{"embeddable":true,"href":"https:\/\/www.stopcyberviolences.org\/en-us\/wp-json\/wp\/v2\/comments?post=25877"}],"version-history":[{"count":17,"href":"https:\/\/www.stopcyberviolences.org\/en-us\/wp-json\/wp\/v2\/pages\/25877\/revisions"}],"predecessor-version":[{"id":41937,"href":"https:\/\/www.stopcyberviolences.org\/en-us\/wp-json\/wp\/v2\/pages\/25877\/revisions\/41937"}],"wp:attachment":[{"href":"https:\/\/www.stopcyberviolences.org\/en-us\/wp-json\/wp\/v2\/media?parent=25877"}],"curies":[{"name":"wp","href":"https:\/\/api.w.org\/{rel}","templated":true}]}}