
{"id":41404,"date":"2025-10-07T17:25:23","date_gmt":"2025-10-07T15:25:23","guid":{"rendered":"https:\/\/www.stopcyberviolences.org\/?page_id=41404"},"modified":"2025-10-17T17:14:00","modified_gmt":"2025-10-17T15:14:00","slug":"recuperer-lacces","status":"publish","type":"page","link":"https:\/\/www.stopcyberviolences.org\/en-ca\/recuperer-lacces\/","title":{"rendered":"R\u00e9cup\u00e9rer l&rsquo;acc\u00e8s"},"content":{"rendered":"<div data-elementor-type=\"wp-page\" data-elementor-id=\"41404\" class=\"elementor elementor-41404\" data-elementor-post-type=\"page\">\n\t\t\t\t<div class=\"elementor-element elementor-element-074be8b e-grid e-con-full e-con e-parent\" data-id=\"074be8b\" data-element_type=\"container\" data-e-type=\"container\">\n\t\t<div class=\"elementor-element elementor-element-0151a04 e-con-full e-flex e-con e-child\" data-id=\"0151a04\" data-element_type=\"container\" data-e-type=\"container\" data-settings=\"{&quot;background_background&quot;:&quot;classic&quot;}\">\n\t\t<div class=\"elementor-element elementor-element-a41d547 e-con-full elementor-hidden-tablet elementor-hidden-mobile e-flex e-con e-child\" data-id=\"a41d547\" data-element_type=\"container\" data-e-type=\"container\">\n\t\t\t\t<div class=\"elementor-element elementor-element-ad51098 elementor-hidden-mobile elementor-widget elementor-widget-theme-site-logo elementor-widget-image\" data-id=\"ad51098\" data-element_type=\"widget\" data-e-type=\"widget\" data-widget_type=\"theme-site-logo.default\">\n\t\t\t\t<div class=\"elementor-widget-container\">\n\t\t\t\t\t\t\t\t\t\t\t<a href=\"https:\/\/www.stopcyberviolences.org\/en-ca\">\n\t\t\t<img decoding=\"async\" src=\"https:\/\/www.stopcyberviolences.org\/wp-content\/uploads\/elementor\/thumbs\/cropped-cropped-Logo-Stop-Cyberviolences-HD-r0se4ynubkp6paonbbq0f0dw4vs8aktsvowg4lqm1s.png\" title=\"cropped-cropped-Logo-Stop-Cyberviolences-HD.png\" alt=\"cropped-cropped-Logo-Stop-Cyberviolences-HD.png\" loading=\"lazy\" \/>\t\t\t\t<\/a>\n\t\t\t\t\t\t\t\t\t\t\t<\/div>\n\t\t\t\t<\/div>\n\t\t\t\t<div class=\"elementor-element elementor-element-b092888 elementor-widget elementor-widget-heading\" data-id=\"b092888\" data-element_type=\"widget\" data-e-type=\"widget\" data-widget_type=\"heading.default\">\n\t\t\t\t<div class=\"elementor-widget-container\">\n\t\t\t\t\t<h2 class=\"elementor-heading-title elementor-size-default\">Stopcyberviolences<\/h2>\t\t\t\t<\/div>\n\t\t\t\t<\/div>\n\t\t\t\t<\/div>\n\t\t<div class=\"elementor-element elementor-element-ee6ca7c e-con-full e-flex e-con e-child\" data-id=\"ee6ca7c\" data-element_type=\"container\" data-e-type=\"container\">\n\t\t\t\t<div class=\"elementor-element elementor-element-6d9ed31 elementor-widget-mobile__width-initial elementor-widget elementor-widget-image\" data-id=\"6d9ed31\" data-element_type=\"widget\" data-e-type=\"widget\" data-widget_type=\"image.default\">\n\t\t\t\t<div class=\"elementor-widget-container\">\n\t\t\t\t\t\t\t\t\t\t\t\t\t\t\t<img decoding=\"async\" src=\"https:\/\/www.stopcyberviolences.org\/wp-content\/uploads\/elementor\/thumbs\/Group-529-r15vd3kmktekc8oy4mauzjoe51hphmdqm5zi5hm83s.png\" title=\"Group-529\" alt=\"Group-529\" loading=\"lazy\" \/>\t\t\t\t\t\t\t\t\t\t\t\t\t\t\t<\/div>\n\t\t\t\t<\/div>\n\t\t\t\t<\/div>\n\t\t\t\t<\/div>\n\t\t<div class=\"elementor-element elementor-element-d603b78 e-flex e-con-boxed e-con e-child\" data-id=\"d603b78\" data-element_type=\"container\" data-e-type=\"container\">\n\t\t\t\t\t<div class=\"e-con-inner\">\n\t\t\t\t<div class=\"elementor-element elementor-element-488c91a elementor-widget elementor-widget-heading\" data-id=\"488c91a\" data-element_type=\"widget\" data-e-type=\"widget\" data-widget_type=\"heading.default\">\n\t\t\t\t<div class=\"elementor-widget-container\">\n\t\t\t\t\t<h2 class=\"elementor-heading-title elementor-size-default\">Oups ! Mot de passe oubli\u00e9...<\/h2>\t\t\t\t<\/div>\n\t\t\t\t<\/div>\n\t\t<div class=\"elementor-element elementor-element-01b0cd8 e-con-full e-flex e-con e-child\" data-id=\"01b0cd8\" data-element_type=\"container\" data-e-type=\"container\" data-settings=\"{&quot;background_background&quot;:&quot;classic&quot;}\">\n\t\t\t\t<div class=\"elementor-element elementor-element-fc89f39 elementor-widget elementor-widget-heading\" data-id=\"fc89f39\" data-element_type=\"widget\" data-e-type=\"widget\" data-widget_type=\"heading.default\">\n\t\t\t\t<div class=\"elementor-widget-container\">\n\t\t\t\t\t<h2 class=\"elementor-heading-title elementor-size-default\">R\u00e9initialiser votre mot de passe<\/h2>\t\t\t\t<\/div>\n\t\t\t\t<\/div>\n\t\t\t\t<div class=\"elementor-element elementor-element-1cad9c6 elementor-widget__width-initial elementor-widget elementor-widget-wppb-recover-password\" data-id=\"1cad9c6\" data-element_type=\"widget\" data-e-type=\"widget\" data-widget_type=\"wppb-recover-password.default\">\n\t\t\t\t<div class=\"elementor-widget-container\">\n\t\t\t\t\t<div class=\"wppb-recover-password-form-widget\"><div class=\"wppb_holder\" id=\"wppb-recover-password-container\">\t<form enctype=\"multipart\/form-data\" method=\"post\" id=\"wppb-recover-password\" class=\"wppb-user-forms\" action=\"https:\/\/www.stopcyberviolences.org\/en-ca\/wp-json\/wp\/v2\/pages\/41404\" data-trp-original-action=\"https:\/\/www.stopcyberviolences.org\/en-ca\/wp-json\/wp\/v2\/pages\/41404\">\n\t<p>SVP entrez votre adresse email.<br \/>Vous recevrez un email pour cr\u00e9er un nouveau mot de passe.<\/p><ul>\n\t\t\t<li class=\"wppb-form-field wppb-username-email pbpl-class\">\n\t\t\t\t<label for=\"username_email\">Email<\/label>\n\t\t\t\t<input class=\"text-input\" name=\"username_email\" type=\"text\" id=\"username_email\" value=\"\"  placeholder=\"Email\"  \/>\n\t\t\t<\/li><!-- .username_email --><\/ul>\t<p class=\"form-submit\">\n\t\t\t\t<input name=\"recover_password\" type=\"submit\" id=\"wppb-recover-password-button\" class=\"submit button\" value=\"Get Reset Link\" \/>\n\t\t<input name=\"action\" type=\"hidden\" id=\"action\" value=\"recover_password\" \/>\n\t<\/p>\n\t<input type=\"hidden\" id=\"password_recovery_nonce_field\" name=\"password_recovery_nonce_field\" value=\"d824583738\" \/><input type=\"hidden\" name=\"_wp_http_referer\" value=\"\/en-ca\/wp-json\/wp\/v2\/pages\/41404\" \/>\t<input type=\"hidden\" name=\"trp-form-language\" value=\"en-ca\"\/><\/form>\n\t<\/div><\/div>\t\t\t\t<\/div>\n\t\t\t\t<\/div>\n\t\t\t\t<div class=\"elementor-element elementor-element-4b07f40 elementor-widget-divider--view-line_text elementor-widget-divider--element-align-center elementor-widget elementor-widget-divider\" data-id=\"4b07f40\" data-element_type=\"widget\" data-e-type=\"widget\" data-widget_type=\"divider.default\">\n\t\t\t\t<div class=\"elementor-widget-container\">\n\t\t\t\t\t\t\t<div class=\"elementor-divider\">\n\t\t\t<span class=\"elementor-divider-separator\">\n\t\t\t\t\t\t\t<span class=\"elementor-divider__text elementor-divider__element\">\n\t\t\t\tOU\t\t\t\t<\/span>\n\t\t\t\t\t\t<\/span>\n\t\t<\/div>\n\t\t\t\t\t\t<\/div>\n\t\t\t\t<\/div>\n\t\t\t\t<div class=\"elementor-element elementor-element-8c32934 elementor-widget elementor-widget-heading\" data-id=\"8c32934\" data-element_type=\"widget\" data-e-type=\"widget\" data-widget_type=\"heading.default\">\n\t\t\t\t<div class=\"elementor-widget-container\">\n\t\t\t\t\t<h2 class=\"elementor-heading-title elementor-size-default\">Se connecter sans mot de passe<\/h2>\t\t\t\t<\/div>\n\t\t\t\t<\/div>\n\t\t\t\t<div class=\"elementor-element elementor-element-3d10af6 elementor-widget__width-initial elementor-widget elementor-widget-text-editor\" data-id=\"3d10af6\" data-element_type=\"widget\" data-e-type=\"widget\" data-widget_type=\"text-editor.default\">\n\t\t\t\t<div class=\"elementor-widget-container\">\n\t\t\t\t\t\t\t\t\t<p class=\"wp-block-heading\">Un lien de connexion sera envoy\u00e9 par email si vous \u00eates d\u00e9j\u00e0 enregistr\u00e9 sur ce site\n<\/p>\n\n\t<form name=\"wpaloginform\" class=\"wpaloginform\" action=\"\" method=\"post\" data-trp-original-action=\"\">\n        <label class=\"wpa-login-label\">Login with email<\/label>\n        <input type=\"text\" name=\"user_email_username\" class=\"input wpa-user-email-username\" value=\"\" size=\"25\" \/>\n        <input type=\"submit\" name=\"wpa-submit\" class=\"button-primary wpa-submit\" value=\"Log In\" \/>\n\n\t\t\t\t<input type=\"hidden\" id=\"nonce\" name=\"nonce\" value=\"88a462313e\" \/>\n\t<input type=\"hidden\" name=\"trp-form-language\" value=\"en-ca\"\/><\/form>\n\t\t\t\t\t\t\t\t<\/div>\n\t\t\t\t<\/div>\n\t\t\t\t<\/div>\n\t\t\t\t\t<\/div>\n\t\t\t\t<\/div>\n\t\t\t\t<\/div>\n\t\t\t\t<\/div>","protected":false},"excerpt":{"rendered":"<p>Stopcyberviolences Oups ! Mot de passe oubli\u00e9&#8230; R\u00e9initialiser votre mot de passe You are already logged in. You can change your password on the edit profile form. OU Se connecter sans mot de passe Un lien de connexion sera envoy\u00e9 par email si vous \u00eates d\u00e9j\u00e0 enregistr\u00e9 sur ce site<\/p>","protected":false},"author":1,"featured_media":0,"parent":0,"menu_order":0,"comment_status":"closed","ping_status":"closed","template":"","meta":{"footnotes":""},"class_list":["post-41404","page","type-page","status-publish","hentry"],"_links":{"self":[{"href":"https:\/\/www.stopcyberviolences.org\/en-ca\/wp-json\/wp\/v2\/pages\/41404","targetHints":{"allow":["GET"]}}],"collection":[{"href":"https:\/\/www.stopcyberviolences.org\/en-ca\/wp-json\/wp\/v2\/pages"}],"about":[{"href":"https:\/\/www.stopcyberviolences.org\/en-ca\/wp-json\/wp\/v2\/types\/page"}],"author":[{"embeddable":true,"href":"https:\/\/www.stopcyberviolences.org\/en-ca\/wp-json\/wp\/v2\/users\/1"}],"replies":[{"embeddable":true,"href":"https:\/\/www.stopcyberviolences.org\/en-ca\/wp-json\/wp\/v2\/comments?post=41404"}],"version-history":[{"count":109,"href":"https:\/\/www.stopcyberviolences.org\/en-ca\/wp-json\/wp\/v2\/pages\/41404\/revisions"}],"predecessor-version":[{"id":41917,"href":"https:\/\/www.stopcyberviolences.org\/en-ca\/wp-json\/wp\/v2\/pages\/41404\/revisions\/41917"}],"wp:attachment":[{"href":"https:\/\/www.stopcyberviolences.org\/en-ca\/wp-json\/wp\/v2\/media?parent=41404"}],"curies":[{"name":"wp","href":"https:\/\/api.w.org\/{rel}","templated":true}]}}