{"id":25908,"date":"2025-01-22T16:15:57","date_gmt":"2025-01-22T15:15:57","guid":{"rendered":"https:\/\/www.stopcyberviolences.org\/nos-agents-de-conversations\/"},"modified":"2026-04-08T11:09:48","modified_gmt":"2026-04-08T09:09:48","slug":"nos-agents-de-conversations","status":"publish","type":"page","link":"https:\/\/www.stopcyberviolences.org\/en-ca\/nos-agents-de-conversations\/","title":{"rendered":"Our Conversation Agents"},"content":{"rendered":"<div data-elementor-type=\"wp-page\" data-elementor-id=\"25908\" class=\"elementor elementor-25908\" data-elementor-post-type=\"page\">\n\t\t\t\t<div class=\"elementor-element elementor-element-f941979 e-flex e-con-boxed e-con e-parent\" data-id=\"f941979\" data-element_type=\"container\" data-e-type=\"container\">\n\t\t\t\t\t<div class=\"e-con-inner\">\n\t\t<div class=\"elementor-element elementor-element-6a7fbec e-con-full e-grid e-con e-child\" data-id=\"6a7fbec\" data-element_type=\"container\" data-e-type=\"container\" data-settings=\"{&quot;background_background&quot;:&quot;classic&quot;}\">\n\t\t<div class=\"elementor-element elementor-element-e36698e e-con-full e-flex e-con e-child\" data-id=\"e36698e\" data-element_type=\"container\" data-e-type=\"container\">\n\t\t\n\t\t<div class=\"elementor-element elementor-element-164e613 elementor-widget elementor-widget-heading\" data-id=\"164e613\" data-element_type=\"widget\" data-e-type=\"widget\" data-widget_type=\"heading.default\">\n\t\t\t\t<div class=\"elementor-widget-container\">\n\t\t\t\t\t<h2 class=\"elementor-heading-title elementor-size-default\">Our conversation agents get ready...<\/h2>\t\t\t\t<\/div>\n\t\t\t\t<\/div>\n\t\t\t\t<div class=\"elementor-element elementor-element-728c670 elementor-widget elementor-widget-text-editor\" data-id=\"728c670\" data-element_type=\"widget\" data-e-type=\"widget\" data-widget_type=\"text-editor.default\">\n\t\t\t\t<div class=\"elementor-widget-container\">\n\t\t\t\t\t\t\t\t\t<p>Our conversation agents get ready...<\/p><p>Inscrivez-vous pour d\u00e9couvrir comment ils vont pouvoir aider \u00e0 r\u00e9pondre subtilement et respectueusement \u00e0 des messages que vous trouvez blessants.<\/p>\t\t\t\t\t\t\t\t<\/div>\n\t\t\t\t<\/div>\n\t\t\t\t<div class=\"elementor-element elementor-element-5794939 elementor-align-center elementor-widget elementor-widget-button\" data-id=\"5794939\" data-element_type=\"widget\" data-e-type=\"widget\" data-widget_type=\"button.default\">\n\t\t\t\t<div class=\"elementor-widget-container\">\n\t\t\t\t\t\t\t\t\t<div class=\"elementor-button-wrapper\">\n\t\t\t\t\t<a class=\"elementor-button elementor-button-link elementor-size-sm\" href=\"\/en-ca\/se-connecter\/\">\n\t\t\t\t\t\t<span class=\"elementor-button-content-wrapper\">\n\t\t\t\t\t\t\t\t\t<span class=\"elementor-button-text\">M'inscrire ou me connecter<\/span>\n\t\t\t\t\t<\/span>\n\t\t\t\t\t<\/a>\n\t\t\t\t<\/div>\n\t\t\t\t\t\t\t\t<\/div>\n\t\t\t\t<\/div>\n\t\t\t\t<\/div>\n\t\t<div class=\"elementor-element elementor-element-4eb10c5 e-con-full e-flex e-con e-child\" data-id=\"4eb10c5\" data-element_type=\"container\" data-e-type=\"container\">\n\t\t\t\t<div class=\"elementor-element elementor-element-a91bdd2 elementor-widget elementor-widget-image\" data-id=\"a91bdd2\" data-element_type=\"widget\" data-e-type=\"widget\" data-widget_type=\"image.default\">\n\t\t\t\t<div class=\"elementor-widget-container\">\n\t\t\t\t\t\t\t\t\t\t\t\t\t\t\t<img fetchpriority=\"high\" decoding=\"async\" width=\"241\" height=\"245\" src=\"https:\/\/www.stopcyberviolences.org\/wp-content\/uploads\/2025\/01\/3d-student-graduation-cap-books-stack_107791-15667-Photoroom-1.png\" class=\"attachment-1536x1536 size-1536x1536 wp-image-25675\" alt=\"\" \/>\t\t\t\t\t\t\t\t\t\t\t\t\t\t\t<\/div>\n\t\t\t\t<\/div>\n\t\t\t\t<\/div>\n\t\t\t\t<\/div>\n\t\t\t\t\t<\/div>\n\t\t\t\t<\/div>\n\t\t<div class=\"elementor-element elementor-element-53d6dfb e-flex e-con-boxed e-con e-parent\" data-id=\"53d6dfb\" data-element_type=\"container\" data-e-type=\"container\">\n\t\t\t\t\t<div class=\"e-con-inner\">\n\t\t\t\t<div class=\"elementor-element elementor-element-5976b0f elementor-invisible elementor-widget elementor-widget-image\" data-id=\"5976b0f\" data-element_type=\"widget\" data-e-type=\"widget\" data-settings=\"{&quot;_animation&quot;:&quot;headShake&quot;}\" data-widget_type=\"image.default\">\n\t\t\t\t<div class=\"elementor-widget-container\">\n\t\t\t\t\t\t\t\t\t\t\t\t\t\t\t<img decoding=\"async\" width=\"527\" height=\"247\" src=\"https:\/\/www.stopcyberviolences.org\/wp-content\/uploads\/2025\/01\/Group-493.png\" class=\"attachment-large size-large wp-image-25688\" alt=\"\" srcset=\"https:\/\/www.stopcyberviolences.org\/wp-content\/uploads\/2025\/01\/Group-493.png 527w, https:\/\/www.stopcyberviolences.org\/wp-content\/uploads\/2025\/01\/Group-493-300x141.png 300w\" sizes=\"(max-width: 527px) 100vw, 527px\" \/>\t\t\t\t\t\t\t\t\t\t\t\t\t\t\t<\/div>\n\t\t\t\t<\/div>\n\t\t\t\t\t<\/div>\n\t\t\t\t<\/div>\n\t\t\t\t<\/div>","protected":false},"excerpt":{"rendered":"<p>Nos agents de conversations se pr\u00e9parent&#8230; Nos agents de conversations se pr\u00e9parent&#8230; Inscrivez-vous pour d\u00e9couvrir comment ils vont pouvoir aider \u00e0 r\u00e9pondre subtilement et respectueusement \u00e0 des messages que vous trouvez blessants. M&rsquo;inscrire ou me connecter<\/p>","protected":false},"author":6,"featured_media":0,"parent":0,"menu_order":10,"comment_status":"closed","ping_status":"closed","template":"","meta":{"footnotes":""},"class_list":["post-25908","page","type-page","status-publish","hentry"],"_links":{"self":[{"href":"https:\/\/www.stopcyberviolences.org\/en-ca\/wp-json\/wp\/v2\/pages\/25908","targetHints":{"allow":["GET"]}}],"collection":[{"href":"https:\/\/www.stopcyberviolences.org\/en-ca\/wp-json\/wp\/v2\/pages"}],"about":[{"href":"https:\/\/www.stopcyberviolences.org\/en-ca\/wp-json\/wp\/v2\/types\/page"}],"author":[{"embeddable":true,"href":"https:\/\/www.stopcyberviolences.org\/en-ca\/wp-json\/wp\/v2\/users\/6"}],"replies":[{"embeddable":true,"href":"https:\/\/www.stopcyberviolences.org\/en-ca\/wp-json\/wp\/v2\/comments?post=25908"}],"version-history":[{"count":66,"href":"https:\/\/www.stopcyberviolences.org\/en-ca\/wp-json\/wp\/v2\/pages\/25908\/revisions"}],"predecessor-version":[{"id":42600,"href":"https:\/\/www.stopcyberviolences.org\/en-ca\/wp-json\/wp\/v2\/pages\/25908\/revisions\/42600"}],"wp:attachment":[{"href":"https:\/\/www.stopcyberviolences.org\/en-ca\/wp-json\/wp\/v2\/media?parent=25908"}],"curies":[{"name":"wp","href":"https:\/\/api.w.org\/{rel}","templated":true}]}}