{"id":25132,"date":"2024-11-15T18:14:28","date_gmt":"2024-11-15T17:14:28","guid":{"rendered":"https:\/\/www.stopcyberviolences.org\/politique-dutilisation-des-donnees\/"},"modified":"2025-08-27T17:48:45","modified_gmt":"2025-08-27T15:48:45","slug":"politique-dutilisation-des-donnees","status":"publish","type":"page","link":"https:\/\/www.stopcyberviolences.org\/en-ca\/politique-dutilisation-des-donnees\/","title":{"rendered":"POLITIQUE DE CONFIDENTIALITE"},"content":{"rendered":"<div data-elementor-type=\"wp-page\" data-elementor-id=\"25132\" class=\"elementor elementor-25132\" data-elementor-post-type=\"page\">\n\t\t\t\t<div class=\"elementor-element elementor-element-4b3196ea e-flex e-con-boxed e-con e-parent\" data-id=\"4b3196ea\" data-element_type=\"container\" data-e-type=\"container\">\n\t\t\t\t\t<div class=\"e-con-inner\">\n\t\t<div class=\"elementor-element elementor-element-5950a0d8 e-con-full e-grid e-con e-child\" data-id=\"5950a0d8\" data-element_type=\"container\" data-e-type=\"container\" data-settings=\"{&quot;background_background&quot;:&quot;classic&quot;}\">\n\t\t<div class=\"elementor-element elementor-element-a921efd e-con-full e-flex e-con e-child\" data-id=\"a921efd\" data-element_type=\"container\" data-e-type=\"container\">\n\t\t\t\t<div class=\"elementor-element elementor-element-4da1ef8f elementor-widget elementor-widget-heading\" data-id=\"4da1ef8f\" data-element_type=\"widget\" data-e-type=\"widget\" data-widget_type=\"heading.default\">\n\t\t\t\t<div class=\"elementor-widget-container\">\n\t\t\t\t\t<h2 class=\"elementor-heading-title elementor-size-default\">Politique de confidentialit\u00e9<\/h2>\t\t\t\t<\/div>\n\t\t\t\t<\/div>\n\t\t\n\t\t<\/div>\n\t\t<div class=\"elementor-element elementor-element-65fb4929 e-con-full e-flex e-con e-child\" data-id=\"65fb4929\" data-element_type=\"container\" data-e-type=\"container\">\n\t\t\t\t<div class=\"elementor-element elementor-element-3915db05 elementor-widget elementor-widget-image\" data-id=\"3915db05\" data-element_type=\"widget\" data-e-type=\"widget\" data-widget_type=\"image.default\">\n\t\t\t\t<div class=\"elementor-widget-container\">\n\t\t\t\t\t\t\t\t\t\t\t\t\t\t\t<img fetchpriority=\"high\" decoding=\"async\" width=\"1024\" height=\"1024\" src=\"https:\/\/www.stopcyberviolences.org\/wp-content\/uploads\/2025\/06\/t-12.png\" class=\"attachment-1536x1536 size-1536x1536 wp-image-33933\" alt=\"\" srcset=\"https:\/\/www.stopcyberviolences.org\/wp-content\/uploads\/2025\/06\/t-12.png 1024w, https:\/\/www.stopcyberviolences.org\/wp-content\/uploads\/2025\/06\/t-12-300x300.png 300w, https:\/\/www.stopcyberviolences.org\/wp-content\/uploads\/2025\/06\/t-12-150x150.png 150w, https:\/\/www.stopcyberviolences.org\/wp-content\/uploads\/2025\/06\/t-12-768x768.png 768w, https:\/\/www.stopcyberviolences.org\/wp-content\/uploads\/2025\/06\/t-12-12x12.png 12w\" sizes=\"(max-width: 1024px) 100vw, 1024px\" \/>\t\t\t\t\t\t\t\t\t\t\t\t\t\t\t<\/div>\n\t\t\t\t<\/div>\n\t\t\t\t<\/div>\n\t\t\t\t<\/div>\n\t\t\t\t\t<\/div>\n\t\t\t\t<\/div>\n\t\t\t\t<\/div>","protected":false},"excerpt":{"rendered":"<p>Politique de confidentialit\u00e9 Version en date du 27 aout 2025 En acc\u00e9dant au Site, en ce compris \u00e0 votre Espace, vos Donn\u00e9es personnelles peuvent \u00eatre collect\u00e9es et trait\u00e9es par Centres Relier. La protection de vos Donn\u00e9es personnelles constitue une priorit\u00e9 pour Centres Relier. &nbsp;La pr\u00e9sente politique de confidentialit\u00e9 vise \u00e0 vous informer des engagements pris [&hellip;]<\/p>\n","protected":false},"author":1,"featured_media":0,"parent":0,"menu_order":0,"comment_status":"closed","ping_status":"closed","template":"","meta":{"footnotes":""},"class_list":["post-25132","page","type-page","status-publish","hentry"],"_links":{"self":[{"href":"https:\/\/www.stopcyberviolences.org\/en-ca\/wp-json\/wp\/v2\/pages\/25132","targetHints":{"allow":["GET"]}}],"collection":[{"href":"https:\/\/www.stopcyberviolences.org\/en-ca\/wp-json\/wp\/v2\/pages"}],"about":[{"href":"https:\/\/www.stopcyberviolences.org\/en-ca\/wp-json\/wp\/v2\/types\/page"}],"author":[{"embeddable":true,"href":"https:\/\/www.stopcyberviolences.org\/en-ca\/wp-json\/wp\/v2\/users\/1"}],"replies":[{"embeddable":true,"href":"https:\/\/www.stopcyberviolences.org\/en-ca\/wp-json\/wp\/v2\/comments?post=25132"}],"version-history":[{"count":32,"href":"https:\/\/www.stopcyberviolences.org\/en-ca\/wp-json\/wp\/v2\/pages\/25132\/revisions"}],"predecessor-version":[{"id":40291,"href":"https:\/\/www.stopcyberviolences.org\/en-ca\/wp-json\/wp\/v2\/pages\/25132\/revisions\/40291"}],"wp:attachment":[{"href":"https:\/\/www.stopcyberviolences.org\/en-ca\/wp-json\/wp\/v2\/media?parent=25132"}],"curies":[{"name":"wp","href":"https:\/\/api.w.org\/{rel}","templated":true}]}}