{"id":25126,"date":"2024-11-15T18:14:28","date_gmt":"2024-11-15T17:14:28","guid":{"rendered":"https:\/\/www.stopcyberviolences.org\/mentions-legales\/"},"modified":"2025-08-27T17:22:13","modified_gmt":"2025-08-27T15:22:13","slug":"mentions-legales","status":"publish","type":"page","link":"http:\/\/www.stopcyberviolences.org\/it\/mentions-legales\/","title":{"rendered":"Mentions l\u00e9gales"},"content":{"rendered":"<div data-elementor-type=\"wp-page\" data-elementor-id=\"25126\" class=\"elementor elementor-25126\" data-elementor-post-type=\"page\">\n\t\t\t\t<div class=\"elementor-element elementor-element-4a3c5fcc e-flex e-con-boxed e-con e-parent\" data-id=\"4a3c5fcc\" data-element_type=\"container\" data-e-type=\"container\">\n\t\t\t\t\t<div class=\"e-con-inner\">\n\t\t<div class=\"elementor-element elementor-element-2e023d95 e-con-full e-grid e-con e-child\" data-id=\"2e023d95\" data-element_type=\"container\" data-e-type=\"container\" data-settings=\"{&quot;background_background&quot;:&quot;classic&quot;}\">\n\t\t<div class=\"elementor-element elementor-element-1db6e098 e-con-full e-flex e-con e-child\" data-id=\"1db6e098\" data-element_type=\"container\" data-e-type=\"container\">\n\t\t\t\t<div class=\"elementor-element elementor-element-56decbfe elementor-widget elementor-widget-heading\" data-id=\"56decbfe\" data-element_type=\"widget\" data-e-type=\"widget\" data-widget_type=\"heading.default\">\n\t\t\t\t<div class=\"elementor-widget-container\">\n\t\t\t\t\t<h2 class=\"elementor-heading-title elementor-size-default\">Mentions l\u00e9gales<\/h2>\t\t\t\t<\/div>\n\t\t\t\t<\/div>\n\t\t\n\t\t<\/div>\n\t\t<div class=\"elementor-element elementor-element-40cd17d7 e-con-full e-flex e-con e-child\" data-id=\"40cd17d7\" data-element_type=\"container\" data-e-type=\"container\">\n\t\t\t\t<div class=\"elementor-element elementor-element-7ca26da5 elementor-widget elementor-widget-image\" data-id=\"7ca26da5\" data-element_type=\"widget\" data-e-type=\"widget\" data-widget_type=\"image.default\">\n\t\t\t\t<div class=\"elementor-widget-container\">\n\t\t\t\t\t\t\t\t\t\t\t\t\t\t\t<img fetchpriority=\"high\" decoding=\"async\" width=\"1024\" height=\"1024\" src=\"https:\/\/www.stopcyberviolences.org\/wp-content\/uploads\/2025\/06\/t-10.png\" class=\"attachment-1536x1536 size-1536x1536 wp-image-33900\" alt=\"\" srcset=\"https:\/\/www.stopcyberviolences.org\/wp-content\/uploads\/2025\/06\/t-10.png 1024w, https:\/\/www.stopcyberviolences.org\/wp-content\/uploads\/2025\/06\/t-10-300x300.png 300w, https:\/\/www.stopcyberviolences.org\/wp-content\/uploads\/2025\/06\/t-10-150x150.png 150w, https:\/\/www.stopcyberviolences.org\/wp-content\/uploads\/2025\/06\/t-10-768x768.png 768w, https:\/\/www.stopcyberviolences.org\/wp-content\/uploads\/2025\/06\/t-10-12x12.png 12w\" sizes=\"(max-width: 1024px) 100vw, 1024px\" \/>\t\t\t\t\t\t\t\t\t\t\t\t\t\t\t<\/div>\n\t\t\t\t<\/div>\n\t\t\t\t<\/div>\n\t\t\t\t<\/div>\n\t\t\t\t\t<\/div>\n\t\t\t\t<\/div>\n\t\t\t\t<section class=\"elementor-section elementor-top-section elementor-element elementor-element-71d848de elementor-section-boxed elementor-section-height-default elementor-section-height-default\" data-id=\"71d848de\" data-element_type=\"section\" data-e-type=\"section\">\n\t\t\t\t\t\t<div class=\"elementor-container elementor-column-gap-default\">\n\t\t\t\t\t<div class=\"elementor-column elementor-col-100 elementor-top-column elementor-element elementor-element-6447d5e8\" data-id=\"6447d5e8\" data-element_type=\"column\" data-e-type=\"column\">\n\t\t\t<div class=\"elementor-widget-wrap elementor-element-populated\">\n\t\t\t\t\t\t<div class=\"elementor-element elementor-element-32bd0ed1 elementor-widget__width-initial elementor-widget elementor-widget-text-editor\" data-id=\"32bd0ed1\" data-element_type=\"widget\" data-e-type=\"widget\" data-no-translation=\"\" data-widget_type=\"text-editor.default\">\n\t\t\t\t<div class=\"elementor-widget-container\">\n\t\t\t\t\t<style>.elementor-element-32bd0ed1{display:none !important}<\/style>\t\t\t\t<\/div>\n\t\t\t\t<\/div>\n\t\t\t\t\t<\/div>\n\t\t<\/div>\n\t\t\t\t\t<\/div>\n\t\t<\/section>\n\t\t\t\t<\/div>","protected":false},"excerpt":{"rendered":"<p>Mentions l\u00e9gales Derni\u00e8re mise \u00e0 jour : 27 aout 2025 Editeur du Site Centres Relier Association d\u00e9clar\u00e9e sous le num\u00e9ro RNA W751243541 SIREN\u00a0: 844115329 Si\u00e8ge social\u00a0: 25 rue Ernest Renan 92190 Meudon Email : contact (at) cyberviolences.org Num\u00e9ro de TVA intracommunautaire\u00a0: FR76844115329 D\u00e9veloppement et maintenance du Site Groupe ASTEK SA Immatricul\u00e9e au RCS de Nanterre [&hellip;]<\/p>\n","protected":false},"author":1,"featured_media":0,"parent":0,"menu_order":0,"comment_status":"closed","ping_status":"closed","template":"","meta":{"footnotes":""},"class_list":["post-25126","page","type-page","status-publish","hentry"],"_links":{"self":[{"href":"http:\/\/www.stopcyberviolences.org\/it\/wp-json\/wp\/v2\/pages\/25126","targetHints":{"allow":["GET"]}}],"collection":[{"href":"http:\/\/www.stopcyberviolences.org\/it\/wp-json\/wp\/v2\/pages"}],"about":[{"href":"http:\/\/www.stopcyberviolences.org\/it\/wp-json\/wp\/v2\/types\/page"}],"author":[{"embeddable":true,"href":"http:\/\/www.stopcyberviolences.org\/it\/wp-json\/wp\/v2\/users\/1"}],"replies":[{"embeddable":true,"href":"http:\/\/www.stopcyberviolences.org\/it\/wp-json\/wp\/v2\/comments?post=25126"}],"version-history":[{"count":31,"href":"http:\/\/www.stopcyberviolences.org\/it\/wp-json\/wp\/v2\/pages\/25126\/revisions"}],"predecessor-version":[{"id":40278,"href":"http:\/\/www.stopcyberviolences.org\/it\/wp-json\/wp\/v2\/pages\/25126\/revisions\/40278"}],"wp:attachment":[{"href":"http:\/\/www.stopcyberviolences.org\/it\/wp-json\/wp\/v2\/media?parent=25126"}],"curies":[{"name":"wp","href":"https:\/\/api.w.org\/{rel}","templated":true}]}}